{"id":95,"date":"2014-08-30T00:51:06","date_gmt":"2014-08-29T23:51:06","guid":{"rendered":"http:\/\/palabressansfrontieres.fr\/?page_id=95"},"modified":"2014-10-09T16:11:31","modified_gmt":"2014-10-09T15:11:31","slug":"pourquoi-voyager-avec-nous","status":"publish","type":"page","link":"https:\/\/www.palabressansfrontieres.fr\/web\/pourquoi-voyager-avec-nous\/","title":{"rendered":"Pourquoi voyager avec nous?"},"content":{"rendered":"<h3 style=\"text-align: left;\">Notre offre pour les CE, les collectivit\u00e9s et les associations<\/h3>\n<p><em><strong>Une \u00e9coute<\/strong> de vos envies pour vous proposer une offre personnalis\u00e9e, que ce soit pour organiser des s\u00e9jours pour des groupes, des individuels, des familles avec jeunes enfants ou encore des s\u00e9jours sp\u00e9cial jeunes (possibilit\u00e9 d&rsquo;organiser des s\u00e9jours d&rsquo;\u00e9t\u00e9 \u00ab\u00a0rencontre interculturelle\u00a0\u00bb).<\/em><\/p>\n<p><em><strong>Des animations<\/strong> sous diff\u00e9rentes formes sur le th\u00e8me de la sensibilisation au tourisme solidaire ou \u00e0 l&rsquo;interculturalit\u00e9: expositions de photos, conf\u00e9rences \u00e0 th\u00e8me, projections de films tourn\u00e9s au sein du village d&rsquo;accueil, d\u00e9gustations, etc. Ces animations sont un bon moyen pour vous de tester la motivation et l&rsquo;envie de vos membres de participer \u00e0 ce type de s\u00e9jours avant de vous engager avec nous.<\/em><\/p>\n<h3 style=\"text-align: justify;\">Quels sont les avantages \u00e0 int\u00e9grer le tourisme solidaire et \u00e9quitable?<\/h3>\n<ul style=\"text-align: justify;\">\n<li>Vous permet de <strong>rester coh\u00e9rent avec vos engagements dans la promotion du commerce \u00e9quitable<\/strong>,<\/li>\n<li>Vous <strong>devenez acteur dans le d\u00e9veloppement durable<\/strong> des communaut\u00e9s d&rsquo;accueil,<\/li>\n<li>Vous permet de <strong>r\u00e9pondre \u00e0 un besoin croissant de \u00ab\u00a0voyager autrement\u00a0\u00bb <\/strong>en offrant la possibilit\u00e9 \u00e0 vos membres de vivre des s\u00e9jours authentiques, \u00e9quitables et inoubliables.<\/li>\n<\/ul>\n<h3 style=\"text-align: justify;\">Pourquoi voyager avec nous?<\/h3>\n<ul style=\"text-align: justify;\">\n<li style=\"text-align: justify;\"><strong>Gage de s\u00e9curit\u00e9<\/strong>: Nous assurons \u00e0 nos voyageurs un accueil personnalis\u00e9 d\u00e8s leur arriv\u00e9e sur le sol s\u00e9n\u00e9galais o\u00f9 un chauffeur-guide les attend. L&rsquo;\u00e9quipe d&rsquo;accueil de Keur Samba Yacine prend la rel\u00e8ve d\u00e8s l&rsquo;arriv\u00e9e du groupe au village. Les voyageurs sont accompagn\u00e9s par plusieurs villageois \u00e0 chaque sortie hors du village. Un gardien dort dans les cases d&rsquo;accueil chaque nuit. Les voyageurs n&rsquo;ont plus qu&rsquo;\u00e0 poser leurs valises et \u00e0 se laisser entrainer dans le quotidien des villageois qui se font toujours une joie de partager leurs activit\u00e9s et leurs traditions!<\/li>\n<li style=\"text-align: justify;\"><strong>Gage de rigueur et de fiabilit\u00e9:<\/strong> L&rsquo;ensemble du projet (activit\u00e9 touristique solidaire et programmes de d\u00e9veloppement durable) est \u00e9labor\u00e9 et g\u00e9r\u00e9 en partenariat \u00e9troit avec les communaut\u00e9s locales et leurs repr\u00e9sentants, et ce depuis 2003. L&rsquo;association Palabres sans Fronti\u00e8res b\u00e9n\u00e9ficie du soutien entre autres, de la r\u00e9gion Midi Pyr\u00e9n\u00e9es, du Conseil G\u00e9n\u00e9ral de la Haute Garonne, du Minist\u00e8re de la Jeunesse, des Sports et de la Vie associative, du Tour-Op\u00e9rateur Verdi\u00e9 voyages, du voyagiste Traveldif, etc.<\/li>\n<li style=\"text-align: justify;\"><strong>Gage de transparence<\/strong>: L&rsquo;association s&rsquo;engage \u00e0 donner une description r\u00e9aliste du contenu des prestations propos\u00e9es ainsi qu&rsquo;une sensibilisation \u00e0 la d\u00e9marche particuli\u00e8re du tourisme solidaire et \u00e9quitable. Des enqu\u00eates de satisfaction sont men\u00e9es apr\u00e8s chaque s\u00e9jour avec restitution d&rsquo;un bilan.<\/li>\n<li style=\"text-align: justify;\"><strong>Gage d&rsquo;\u00e9quit\u00e9:<\/strong> Palabres sans Fronti\u00e8res s&rsquo;engage \u00e0 ce que votre s\u00e9jour contribue efficacement \u00e0 l&rsquo;am\u00e9lioration de la vie locale. Sur le prix total de votre s\u00e9jour, 39% sont revers\u00e9s aux divers acteurs du village (h\u00e9bergement, repas, activit\u00e9s) et 10% vont reviennent au fonctionnement du poste de sant\u00e9 (achats de m\u00e9dicaments et salaire de l&rsquo;infirmi\u00e8re sage-femme). Un comit\u00e9 de gestion s&rsquo;occupe de r\u00e9partir les revenus de mani\u00e8re \u00e9quitable entre tous les acteurs de ce tourisme solidaire et d&rsquo;investir les b\u00e9n\u00e9fices dans des projets d&rsquo;int\u00e9r\u00eat collectif.<\/li>\n<\/ul>\n","protected":false},"excerpt":{"rendered":"<p>Notre offre pour les CE, les collectivit\u00e9s et les associations Une \u00e9coute de vos envies pour vous proposer une offre personnalis\u00e9e, que ce soit pour organiser des s\u00e9jours pour des groupes, des individuels, des familles avec jeunes enfants ou encore&hellip; <\/p>\n","protected":false},"author":1,"featured_media":0,"parent":0,"menu_order":0,"comment_status":"closed","ping_status":"open","template":"","meta":{"footnotes":""},"class_list":["post-95","page","type-page","status-publish","hentry"],"_links":{"self":[{"href":"https:\/\/www.palabressansfrontieres.fr\/web\/wp-json\/wp\/v2\/pages\/95","targetHints":{"allow":["GET"]}}],"collection":[{"href":"https:\/\/www.palabressansfrontieres.fr\/web\/wp-json\/wp\/v2\/pages"}],"about":[{"href":"https:\/\/www.palabressansfrontieres.fr\/web\/wp-json\/wp\/v2\/types\/page"}],"author":[{"embeddable":true,"href":"https:\/\/www.palabressansfrontieres.fr\/web\/wp-json\/wp\/v2\/users\/1"}],"replies":[{"embeddable":true,"href":"https:\/\/www.palabressansfrontieres.fr\/web\/wp-json\/wp\/v2\/comments?post=95"}],"version-history":[{"count":1,"href":"https:\/\/www.palabressansfrontieres.fr\/web\/wp-json\/wp\/v2\/pages\/95\/revisions"}],"predecessor-version":[{"id":96,"href":"https:\/\/www.palabressansfrontieres.fr\/web\/wp-json\/wp\/v2\/pages\/95\/revisions\/96"}],"wp:attachment":[{"href":"https:\/\/www.palabressansfrontieres.fr\/web\/wp-json\/wp\/v2\/media?parent=95"}],"curies":[{"name":"wp","href":"https:\/\/api.w.org\/{rel}","templated":true}]}}