{"id":89,"date":"2014-08-30T00:44:00","date_gmt":"2014-08-29T23:44:00","guid":{"rendered":"http:\/\/palabressansfrontieres.fr\/?page_id=89"},"modified":"2019-01-22T15:14:23","modified_gmt":"2019-01-22T14:14:23","slug":"sejours-dimmersion","status":"publish","type":"page","link":"https:\/\/www.palabressansfrontieres.fr\/web\/sejours-dimmersion\/","title":{"rendered":"S\u00e9jours d&rsquo;immersion"},"content":{"rendered":"<h2 style=\"text-align: center;\"><span style=\"color: #e86602;\"><strong><span style=\"color: #e86602;\">SEJOURS D&rsquo;IMMERSION \u00ab\u00a0ENTRE SAHEL ET LITTORAL\u00a0\u00bb <\/span><\/strong><\/span><\/h2>\n<h2 style=\"text-align: center;\"><span style=\"color: #e86602;\">Pour\u00a0<span style=\"color: #993300;\"> 10 jours<\/span>, <\/span><\/h2>\n<h2 style=\"text-align: center;\"><span style=\"color: #e86602;\">Choisissez de partir dans l&rsquo;un de nos villages partenaires : <\/span><\/h2>\n<h2 style=\"text-align: center;\"><span style=\"color: #e86602;\"><span style=\"color: #993300;\">Keur Samba Yacine<\/span>,<span style=\"color: #993300;\"> N&rsquo;Dem<\/span>, <span style=\"color: #993300;\">Sanar<\/span> ou <span style=\"color: #000000;\"><span style=\"color: #993300;\">Lompoul<\/span><\/span>,<\/span><\/h2>\n<h2 style=\"text-align: center;\"><img loading=\"lazy\" decoding=\"async\" src=\"\/images\/stories\/Senegal-Map.jpg\" alt=\"Senegal-Map\" width=\"250\" height=\"219\" \/><\/h2>\n<h2 style=\"text-align: center;\"><span style=\"color: #e86602;\">Partez \u00e0 la rencontre de la population S\u00e9n\u00e9galaise<\/span><br \/>\n<span style=\"color: #e86602;\">Partagez leur quotidien, traditions et mode de vie<\/span><br \/>\n<span style=\"color: #e86602;\">D\u00e9couvrez leur environnement et les somptueux paysages qui les entourent<\/span><\/h2>\n<h2 style=\"text-align: center;\"><span style=\"color: #e86602;\"><strong><span style=\"font-size: 18pt;\"><span style=\"font-size: 14pt;\"><br \/>\n<\/span><\/span><\/strong> <span style=\"color: #86a32e;\">Tarifs<\/span><\/span><\/h2>\n<h2 style=\"text-align: center;\"><span style=\"color: #e86602;\"><strong><span style=\"font-size: 10pt;\"><br \/>\n<\/span><\/strong><span style=\"font-size: 12pt;\">10 jours: 790\u20ac<\/span>* <span style=\"color: #000000;\"><span style=\"font-size: 10pt;\">(<\/span><strong><span style=\"font-size: 10pt;\">tarif valable \u00e0 partir de 3 personnes s\u00e9journant dans le village, tarif hors vol)<br \/>\n<\/span><\/strong><\/span><span style=\"font-size: 10pt;\"><strong style=\"text-align: justify;\"><em><span style=\"color: #000000;\">*Ce prix comprend: la pension compl\u00e8te pendant le s\u00e9jour et les activit\u00e9s inscrites au programme.<\/span><\/em><\/strong><\/span><\/span><\/h2>\n<h4 style=\"text-align: center;\"><span style=\"color: #000000;\"><strong><span style=\"font-size: 10pt;\">Pour chacun de nos villages, concevez, avec notre concours, le voyage qui saura le mieux correspondre \u00e0 vos envies.<br \/>\nA titre <em>indicatif<\/em>, veuillez trouver ci-dessous les diff\u00e9rents programmes concernant le village de Keur Samba Yacine.<\/span><\/strong><\/span><\/h4>\n<h4 style=\"text-align: center;\"><span style=\"color: #000000;\"><span style=\"font-size: 8pt;\"><strong style=\"text-align: justify;\">Attention: les jours, heures et activit\u00e9s peuvent \u00eatre soumis \u00e0 des changements en fonction de la m\u00e9t\u00e9o, de vos pr\u00e9f\u00e9rences, etc. Nous vous invitions \u00e9galement \u00e0 proposer des activit\u00e9s si vous le souhaitez (animer des jeux pour les enfants, animer un atelier musique, danse ou chorale, etc.). Possibilit\u00e9 \u00e9galement de proposer vos services en fonction de vos \u00e9tudes ou de votre profession (ex: une matin\u00e9e d&rsquo;observation au poste de sant\u00e9 pour des \u00e9tudiants en m\u00e9decine, consultations gratuites propos\u00e9es par un voyageur dentiste, etc.).<\/strong><\/span><\/span><\/h4>\n<h4 style=\"text-align: center;\"><\/h4>\n<h2 style=\"text-align: center;\"><span style=\"color: #86a32e;\">Programme du s\u00e9jour de 15 jours<\/span><\/h2>\n<p style=\"text-align: justify;\"><strong>Jour 1<\/strong>: Arriv\u00e9e \u00e0 Dakar et selon l&rsquo;heure, transfert du groupe vers Thi\u00e8s pour y passer la nuit ou directement au village de Keur Samba Yacine.<\/p>\n<p style=\"text-align: justify;\"><strong>Jour 2<\/strong>: Rencontre avec la communaut\u00e9 villageoise. C\u00e9r\u00e9monie de bienvenue (chants et danses), pr\u00e9sentation des associations du village et du d\u00e9roulement du s\u00e9jour. Installation dans les cases d&rsquo;accueil. D\u00eener avec les jeunes du village.<\/p>\n<p style=\"text-align: center;\"><img loading=\"lazy\" decoding=\"async\" title=\"S\u00e9jours solidaires et \u00e9quitables au S\u00e9n\u00e9gal - Palabres sans Fronti\u00e8res\" src=\"\/images\/stories\/danse traditionnelle.jpg\" alt=\"S\u00e9jours solidaires et \u00e9quitables au S\u00e9n\u00e9gal - Palabres sans Fronti\u00e8res\" width=\"107\" height=\"144\" border=\"0\" \/> <img loading=\"lazy\" decoding=\"async\" title=\"S\u00e9jours solidaires et \u00e9quitables au S\u00e9n\u00e9gal - Palabres sans Fronti\u00e8res\" src=\"\/images\/stories\/page tmoignage - tanguy danse.jpg\" alt=\"S\u00e9jours solidaires et \u00e9quitables au S\u00e9n\u00e9gal - Palabres sans Fronti\u00e8res\" width=\"192\" height=\"145\" border=\"0\" \/> <img loading=\"lazy\" decoding=\"async\" title=\"S\u00e9jours solidaires et \u00e9quitables au S\u00e9n\u00e9gal - Palabres sans Fronti\u00e8res\" src=\"\/images\/stories\/les cases daccueil.jpg\" alt=\"S\u00e9jours solidaires et \u00e9quitables au S\u00e9n\u00e9gal - Palabres sans Fronti\u00e8res\" width=\"193\" height=\"145\" border=\"0\" \/><\/p>\n<p style=\"text-align: justify;\"><strong>Jour 3<\/strong>: Au village; d\u00e9tente et rencontres avec des personnalit\u00e9s du village (sages, familles d&rsquo;accueil, membres des associations villageoises) et visite des projets du village (Poste de sant\u00e9, jardins potagers, \u00e9cole, etc.). D\u00e9jeuner en famille d&rsquo;accueil et d\u00eener avec les jeunes du village.<\/p>\n<p style=\"text-align: justify;\"><strong>Jour 4<\/strong>: Visite de l&rsquo;\u00eele de Gor\u00e9e; travers\u00e9e en chaloupe, baignade, visite guid\u00e9e de la maison des esclaves, achats de souvenirs. D\u00e9jeuner et d\u00eener avec les jeunes du village.<\/p>\n<p style=\"text-align: center;\"><img loading=\"lazy\" decoding=\"async\" title=\"S\u00e9jours solidaires et \u00e9quitables au S\u00e9n\u00e9gal - Palabres sans Fronti\u00e8res\" src=\"\/images\/stories\/lle de gore.jpg\" alt=\"S\u00e9jours solidaires et \u00e9quitables au S\u00e9n\u00e9gal - Palabres sans Fronti\u00e8res\" width=\"196\" height=\"146\" border=\"0\" \/> <img loading=\"lazy\" decoding=\"async\" title=\"S\u00e9jours solidaires et \u00e9quitables au S\u00e9n\u00e9gal - Palabres sans Fronti\u00e8res\" src=\"\/images\/stories\/bateau gore.jpg\" alt=\"S\u00e9jours solidaires et \u00e9quitables au S\u00e9n\u00e9gal - Palabres sans Fronti\u00e8res\" width=\"195\" height=\"145\" border=\"0\" \/><\/p>\n<p style=\"text-align: justify;\"><strong>Jour 5<\/strong>: Au village; activit\u00e9s au choix (travaux champ\u00eatres, cours de wolof, de cuisine, jeux avec les enfants, sports, d\u00e9tente, etc.). D\u00e9jeuner en famille d&rsquo;accueil et d\u00eener avec les jeunes du village.<\/p>\n<p style=\"text-align: justify;\"><strong>Jour 6<\/strong>: Sortie \u00e0 Thi\u00e8s; visite de la ville en cal\u00e8che, visite guid\u00e9e de la manufacture de tapisseries et des arts d\u00e9coratifs, repas dans un restaurant typique, visite du march\u00e9 artisanal. D\u00eener avec les jeunes du village.<\/p>\n<p style=\"text-align: center;\">\u00a0<img loading=\"lazy\" decoding=\"async\" title=\"S\u00e9jours solidaires et \u00e9quitables au S\u00e9n\u00e9gal - Palabres sans Fronti\u00e8res\" src=\"\/images\/stories\/le marchandage.jpg\" alt=\"S\u00e9jours solidaires et \u00e9quitables au S\u00e9n\u00e9gal - Palabres sans Fronti\u00e8res\" width=\"185\" height=\"137\" border=\"0\" \/> <img loading=\"lazy\" decoding=\"async\" title=\"S\u00e9jours solidaires et \u00e9quitables au S\u00e9n\u00e9gal - Palabres sans Fronti\u00e8res\" src=\"\/images\/stories\/sur la route.jpg\" alt=\"S\u00e9jours solidaires et \u00e9quitables au S\u00e9n\u00e9gal - Palabres sans Fronti\u00e8res\" width=\"205\" height=\"137\" border=\"0\" \/><\/p>\n<p style=\"text-align: justify;\"><strong>Jour 7<\/strong>: Au village; activit\u00e9s au choix (cours de wolof, ateliers de tressage, jeux, soir\u00e9e d\u00e9bat, etc.). D\u00e9jeuner en famille d&rsquo;accueil et d\u00eener avec les jeunes du village.<\/p>\n<p style=\"text-align: justify;\"><strong>Jour 8<\/strong>: Journ\u00e9e \u00e0 la mer; randonn\u00e9e p\u00e9destre et baignade \u00e0 Mboro. D\u00e9jeuner et d\u00eener avec les jeunes du village.<\/p>\n<p style=\"text-align: center;\"><img loading=\"lazy\" decoding=\"async\" src=\"\/images\/stories\/Plage_Red.jpg\" alt=\"Plage_Red\" width=\"181\" height=\"137\" \/> <img loading=\"lazy\" decoding=\"async\" title=\"S\u00e9jours solidaires et \u00e9quitables au S\u00e9n\u00e9gal - Palabres sans Fronti\u00e8res\" src=\"\/images\/stories\/randonne.jpg\" alt=\"S\u00e9jours solidaires et \u00e9quitables au S\u00e9n\u00e9gal - Palabres sans Fronti\u00e8res\" width=\"183\" height=\"137\" border=\"0\" \/> <img loading=\"lazy\" decoding=\"async\" title=\"S\u00e9jours solidaires et \u00e9quitables au S\u00e9n\u00e9gal - Palabres sans Fronti\u00e8res\" src=\"\/images\/stories\/plage de mboro 2.jpg\" alt=\"S\u00e9jours solidaires et \u00e9quitables au S\u00e9n\u00e9gal - Palabres sans Fronti\u00e8res\" width=\"182\" height=\"137\" border=\"0\" \/><\/p>\n<p style=\"text-align: justify;\"><strong>Jour 9,10,11<\/strong>: Au village; activit\u00e9s au choix (atelier de teinture de tissus, travaux champ\u00eatres, soir\u00e9es festives, etc.). D\u00e9jeuner en famille d&rsquo;accueil et d\u00eener avec les jeunes du village.<\/p>\n<p style=\"text-align: justify;\"><strong>Jour 12<\/strong>: Sortie au march\u00e9 de l\u00e9gumes de Notto (10kms). D\u00e9jeuner en famille d&rsquo;accueil et d\u00eener avec les jeunes du village.<\/p>\n<p style=\"text-align: justify;\"><strong>Jour 13<\/strong>: Au village; activit\u00e9s au choix (d\u00e9tente en famille, jeux, tressage, etc.). D\u00e9jeuner en famille d&rsquo;accueil et d\u00eener avec les jeunes du village.<\/p>\n<p style=\"text-align: justify;\"><strong>Jour 14<\/strong>: F\u00eate de fin de s\u00e9jour avec les villageois. Dernier d\u00e9jeuner en famille d&rsquo;accueil et d\u00eener avec les jeunes du village.<\/p>\n<p style=\"text-align: justify;\"><strong>Jour 15<\/strong>: D\u00e9part de Keur Samba Yacine, transfert sur l&rsquo;a\u00e9roport de Dakar.<\/p>\n","protected":false},"excerpt":{"rendered":"<p>SEJOURS D&rsquo;IMMERSION \u00ab\u00a0ENTRE SAHEL ET LITTORAL\u00a0\u00bb Pour\u00a0 10 jours, Choisissez de partir dans l&rsquo;un de nos villages partenaires : Keur Samba Yacine, N&rsquo;Dem, Sanar ou Lompoul, Partez \u00e0 la rencontre de la population S\u00e9n\u00e9galaise Partagez leur quotidien, traditions et mode&hellip; <\/p>\n","protected":false},"author":1,"featured_media":0,"parent":0,"menu_order":0,"comment_status":"closed","ping_status":"open","template":"","meta":{"footnotes":""},"class_list":["post-89","page","type-page","status-publish","hentry"],"_links":{"self":[{"href":"https:\/\/www.palabressansfrontieres.fr\/web\/wp-json\/wp\/v2\/pages\/89","targetHints":{"allow":["GET"]}}],"collection":[{"href":"https:\/\/www.palabressansfrontieres.fr\/web\/wp-json\/wp\/v2\/pages"}],"about":[{"href":"https:\/\/www.palabressansfrontieres.fr\/web\/wp-json\/wp\/v2\/types\/page"}],"author":[{"embeddable":true,"href":"https:\/\/www.palabressansfrontieres.fr\/web\/wp-json\/wp\/v2\/users\/1"}],"replies":[{"embeddable":true,"href":"https:\/\/www.palabressansfrontieres.fr\/web\/wp-json\/wp\/v2\/comments?post=89"}],"version-history":[{"count":5,"href":"https:\/\/www.palabressansfrontieres.fr\/web\/wp-json\/wp\/v2\/pages\/89\/revisions"}],"predecessor-version":[{"id":663,"href":"https:\/\/www.palabressansfrontieres.fr\/web\/wp-json\/wp\/v2\/pages\/89\/revisions\/663"}],"wp:attachment":[{"href":"https:\/\/www.palabressansfrontieres.fr\/web\/wp-json\/wp\/v2\/media?parent=89"}],"curies":[{"name":"wp","href":"https:\/\/api.w.org\/{rel}","templated":true}]}}