{"id":85,"date":"2014-08-30T00:33:13","date_gmt":"2014-08-29T23:33:13","guid":{"rendered":"http:\/\/palabressansfrontieres.fr\/?page_id=85"},"modified":"2014-10-31T17:16:56","modified_gmt":"2014-10-31T16:16:56","slug":"nos-engagements","status":"publish","type":"page","link":"https:\/\/www.palabressansfrontieres.fr\/web\/nos-engagements\/","title":{"rendered":"Nos engagements"},"content":{"rendered":"<h3 style=\"text-align: justify;\">Notre Charte du tourisme \u00e9quitable<\/h3>\n<p style=\"text-align: justify;\"><a href=\"\/pdf\/Charte%20PSF.pdf\" target=\"_blank\"><span style=\"text-decoration: underline;\">T\u00e9l\u00e9charger notre charte<\/span><\/a><\/p>\n<h3 style=\"text-align: justify;\">Gage de rigueur et de fiabilit\u00e9<\/h3>\n<p style=\"text-align: justify;\">L&rsquo;ensemble du projet (activit\u00e9 touristique et les programmes de d\u00e9veloppement) est \u00e9labor\u00e9 et g\u00e9r\u00e9 en partenariat \u00e9troit avec les communaut\u00e9s locales et leurs repr\u00e9sentants, et ce depuis 2003. L&rsquo;association Palabres sans Fronti\u00e8res b\u00e9n\u00e9ficie du soutien entre autres, de la r\u00e9gion Midi Pyr\u00e9n\u00e9es, du Conseil G\u00e9n\u00e9ral de la Haute Garonne, du Minist\u00e8re de la Jeunesse, des Sports et de la Vie associative, du Tour-Op\u00e9rator Verdi\u00e9 Voyage, du voyagiste Traveldif, etc.<\/p>\n<h3 style=\"text-align: justify;\">Gage de s\u00e9curit\u00e9<\/h3>\n<p style=\"text-align: justify;\">Nous assurons \u00e0 nos voyageurs un accueil personnalis\u00e9 d\u00e8s leur arriv\u00e9e sur le sol s\u00e9n\u00e9galais o\u00f9 un chauffeur les attend. Le comit\u00e9 d&rsquo;accueil du village prend la rel\u00e8ve d\u00e8s l&rsquo;arriv\u00e9e du groupe \u00e0 Keur Samba Yacine. Les voyageurs sont toujours accompagn\u00e9s par plusieurs villageois pour toutes les sorties pr\u00e9vues hors du village. Un gardien dort dans les cases d&rsquo;accueil chaque nuit. Les voyageurs n&rsquo;ont plus qu&rsquo;\u00e0 poser leur valise et se laisser entrainer dans le quotidien des villageois qui se feront une joie de leur faire partager leurs activit\u00e9s et leurs traditions.<\/p>\n<h3 style=\"text-align: justify;\">Gage de transparence<\/h3>\n<p style=\"text-align: justify;\">L&rsquo;association s&rsquo;engage \u00e0 donner une description r\u00e9aliste du contenu des prestations propos\u00e9es ainsi qu&rsquo;une sensibilisation \u00e0 la d\u00e9marche particuli\u00e8re du tourisme solidaire et \u00e9quitable. Des enqu\u00eates de satisfaction sont men\u00e9es apr\u00e8s chaque s\u00e9jour avec restitution d&rsquo;un bilan.<\/p>\n<h3 style=\"text-align: justify;\">Gage d&rsquo;\u00e9quit\u00e9<\/h3>\n<p style=\"text-align: justify;\">Palabres sans Fronti\u00e8res s&rsquo;engage \u00e0 ce que votre s\u00e9jour contribue efficacement \u00e0 l&rsquo;am\u00e9lioration de la vie locale. Sur le total du prix de votre s\u00e9jour, 39% sont vers\u00e9s au village pour les prestations (h\u00e9bergement, alimentation, activit\u00e9s) et 10% sont destin\u00e9s \u00e0 soutenir la gestion du poste de sant\u00e9 (achat de m\u00e9dicaments, salaire de l&rsquo;infirmi\u00e8re sage-femme). Un comit\u00e9 de gestion villageois r\u00e9partit les ressources de la mani\u00e8re la plus \u00e9quitable, en privil\u00e9giant le financement de projets d&rsquo;int\u00e9r\u00eat collectif.<\/p>\n","protected":false},"excerpt":{"rendered":"<p>Notre Charte du tourisme \u00e9quitable T\u00e9l\u00e9charger notre charte Gage de rigueur et de fiabilit\u00e9 L&rsquo;ensemble du projet (activit\u00e9 touristique et les programmes de d\u00e9veloppement) est \u00e9labor\u00e9 et g\u00e9r\u00e9 en partenariat \u00e9troit avec les communaut\u00e9s locales et leurs repr\u00e9sentants, et ce&hellip; <\/p>\n","protected":false},"author":1,"featured_media":0,"parent":0,"menu_order":0,"comment_status":"closed","ping_status":"open","template":"","meta":{"footnotes":""},"class_list":["post-85","page","type-page","status-publish","hentry"],"_links":{"self":[{"href":"https:\/\/www.palabressansfrontieres.fr\/web\/wp-json\/wp\/v2\/pages\/85","targetHints":{"allow":["GET"]}}],"collection":[{"href":"https:\/\/www.palabressansfrontieres.fr\/web\/wp-json\/wp\/v2\/pages"}],"about":[{"href":"https:\/\/www.palabressansfrontieres.fr\/web\/wp-json\/wp\/v2\/types\/page"}],"author":[{"embeddable":true,"href":"https:\/\/www.palabressansfrontieres.fr\/web\/wp-json\/wp\/v2\/users\/1"}],"replies":[{"embeddable":true,"href":"https:\/\/www.palabressansfrontieres.fr\/web\/wp-json\/wp\/v2\/comments?post=85"}],"version-history":[{"count":3,"href":"https:\/\/www.palabressansfrontieres.fr\/web\/wp-json\/wp\/v2\/pages\/85\/revisions"}],"predecessor-version":[{"id":388,"href":"https:\/\/www.palabressansfrontieres.fr\/web\/wp-json\/wp\/v2\/pages\/85\/revisions\/388"}],"wp:attachment":[{"href":"https:\/\/www.palabressansfrontieres.fr\/web\/wp-json\/wp\/v2\/media?parent=85"}],"curies":[{"name":"wp","href":"https:\/\/api.w.org\/{rel}","templated":true}]}}