{"id":83,"date":"2014-08-30T00:32:16","date_gmt":"2014-08-29T23:32:16","guid":{"rendered":"http:\/\/palabressansfrontieres.fr\/?page_id=83"},"modified":"2017-02-27T21:55:52","modified_gmt":"2017-02-27T20:55:52","slug":"le-tourisme-solidaire-et-equitable","status":"publish","type":"page","link":"https:\/\/www.palabressansfrontieres.fr\/web\/le-tourisme-solidaire-et-equitable\/","title":{"rendered":"Le tourisme solidaire et \u00e9quitable ?"},"content":{"rendered":"<table border=\"0\">\n<tbody>\n<tr>\n<td>\n<p style=\"text-align: justify;\"><img loading=\"lazy\" decoding=\"async\" class=\"alignleft\" style=\"border: 0; border-width: 0px;\" title=\"S\u00e9jours solidaires et \u00e9quitables au S\u00e9n\u00e9gal - Palabres sans Fronti\u00e8res\" src=\"\/images\/stories\/un pti bonhomme.jpg\" alt=\"S\u00e9jours solidaires et \u00e9quitables au S\u00e9n\u00e9gal - Palabres sans Fronti\u00e8res\" width=\"162\" height=\"242\" border=\"0\" \/><em>A une \u00e9poque o\u00f9 il devient de plus en plus facile d&rsquo;organiser son voyage et o\u00f9 l&rsquo;on ne cesse de construire des h\u00f4tels standardis\u00e9s qui enlaidissent les paysages, il est important de s&rsquo;interroger sur l&rsquo;impact qu&rsquo;ont nos vacances sur les territoires et les populations locales.<\/em><\/p>\n<p style=\"text-align: justify;\"><em>C&rsquo;est pour <strong>lutter contre les impacts n\u00e9gatifs du tourisme<\/strong> (destruction des paysages, d\u00e9t\u00e9rioration des conditions de vie, aucun b\u00e9n\u00e9fice et aucune prise en compte de l&rsquo;avis des populations locales, etc.) qu&rsquo;est n\u00e9 petit \u00e0 petit l&rsquo;id\u00e9e d&rsquo;un tourisme responsable o\u00f9 le voyageur pourrait <strong>allier la d\u00e9couverte d&rsquo;un pays et la contribution au d\u00e9veloppement durable de la destination<\/strong> en question.<\/em><\/p>\n<\/td>\n<\/tr>\n<\/tbody>\n<\/table>\n<h3><em>Extrait de la Charte du tourisme solidaire de l&rsquo;association Palabres sans Fronti\u00e8res:<\/em><\/h3>\n<p style=\"text-align: justify;\"><em><img loading=\"lazy\" decoding=\"async\" class=\"alignnone\" style=\"border: 0pt none; border-width: 0pt;\" src=\"\/images\/stories\/quote_ouvrante.png\" alt=\"quote_ouvrante\" width=\"49\" height=\"37\" \/><\/em> Un voyage solidaire, responsable et \u00e9quitable se d\u00e9finit par le fait de <strong>mettre au centre du voyage l&rsquo;homme et la rencontre<\/strong>, en s&rsquo;inscrivant <strong>dans une logique de d\u00e9veloppement durable des territoires<\/strong> et en se fondant sur les principes d&rsquo;action suivants:<\/p>\n<ul style=\"text-align: justify;\">\n<ul style=\"text-align: justify;\">\n<li><strong>la participation des populations locales <\/strong>dans les diff\u00e9rentes phases du projet touristique,<\/li>\n<li>le <strong>respect de la personne, des cultures et de la nature<\/strong>,<\/li>\n<li>une <strong>r\u00e9partition \u00e9quitable des ressources g\u00e9n\u00e9r\u00e9es<\/strong>\u00ab\u00a0.\n<p style=\"text-align: right;\"><em><img loading=\"lazy\" decoding=\"async\" style=\"border: 0pt none; border-width: 0pt;\" src=\"\/images\/stories\/quote_fermante.png\" alt=\"quote_fermante\" width=\"40\" height=\"30\" \/><\/em><\/p>\n<\/li>\n<\/ul>\n<\/ul>\n<p style=\"text-align: right;\">\n","protected":false},"excerpt":{"rendered":"<p>A une \u00e9poque o\u00f9 il devient de plus en plus facile d&rsquo;organiser son voyage et o\u00f9 l&rsquo;on ne cesse de construire des h\u00f4tels standardis\u00e9s qui enlaidissent les paysages, il est important de s&rsquo;interroger sur l&rsquo;impact qu&rsquo;ont nos vacances sur les&hellip; <\/p>\n","protected":false},"author":1,"featured_media":0,"parent":0,"menu_order":0,"comment_status":"closed","ping_status":"open","template":"","meta":{"footnotes":""},"class_list":["post-83","page","type-page","status-publish","hentry"],"_links":{"self":[{"href":"https:\/\/www.palabressansfrontieres.fr\/web\/wp-json\/wp\/v2\/pages\/83","targetHints":{"allow":["GET"]}}],"collection":[{"href":"https:\/\/www.palabressansfrontieres.fr\/web\/wp-json\/wp\/v2\/pages"}],"about":[{"href":"https:\/\/www.palabressansfrontieres.fr\/web\/wp-json\/wp\/v2\/types\/page"}],"author":[{"embeddable":true,"href":"https:\/\/www.palabressansfrontieres.fr\/web\/wp-json\/wp\/v2\/users\/1"}],"replies":[{"embeddable":true,"href":"https:\/\/www.palabressansfrontieres.fr\/web\/wp-json\/wp\/v2\/comments?post=83"}],"version-history":[{"count":5,"href":"https:\/\/www.palabressansfrontieres.fr\/web\/wp-json\/wp\/v2\/pages\/83\/revisions"}],"predecessor-version":[{"id":576,"href":"https:\/\/www.palabressansfrontieres.fr\/web\/wp-json\/wp\/v2\/pages\/83\/revisions\/576"}],"wp:attachment":[{"href":"https:\/\/www.palabressansfrontieres.fr\/web\/wp-json\/wp\/v2\/media?parent=83"}],"curies":[{"name":"wp","href":"https:\/\/api.w.org\/{rel}","templated":true}]}}