{"id":628,"date":"2017-06-19T19:40:06","date_gmt":"2017-06-19T18:40:06","guid":{"rendered":"http:\/\/www.palabressansfrontieres.fr\/?page_id=628"},"modified":"2025-06-02T09:35:09","modified_gmt":"2025-06-02T08:35:09","slug":"et-si-vous-voyagiez-autrement","status":"publish","type":"page","link":"https:\/\/www.palabressansfrontieres.fr\/web\/","title":{"rendered":"Et si vous voyagiez autrement ?"},"content":{"rendered":"<h3 style=\"text-align: center;\"><span style=\"color: #ff0000;\"><strong><a href=\"http:\/\/www.palabressansfrontieres.fr\/reveillon-solidaire\/logopasf-3\/\" rel=\"attachment wp-att-288\"><img loading=\"lazy\" decoding=\"async\" class=\"alignleft wp-image-288\" src=\"http:\/\/www.palabressansfrontieres.fr\/wp-content\/uploads\/2014\/10\/LogoPASF2.jpg\" alt=\"\" width=\"139\" height=\"139\" srcset=\"https:\/\/www.palabressansfrontieres.fr\/wp-content\/uploads\/2014\/10\/LogoPASF2.jpg 709w, https:\/\/www.palabressansfrontieres.fr\/wp-content\/uploads\/2014\/10\/LogoPASF2-150x150.jpg 150w, https:\/\/www.palabressansfrontieres.fr\/wp-content\/uploads\/2014\/10\/LogoPASF2-300x300.jpg 300w, https:\/\/www.palabressansfrontieres.fr\/wp-content\/uploads\/2014\/10\/LogoPASF2-230x230.jpg 230w\" sizes=\"auto, (max-width: 139px) 100vw, 139px\" \/><\/a><\/strong><\/span><\/h3>\n<p style=\"text-align: left;\"><span style=\"color: #0000ff;\"><strong><a href=\"http:\/\/www.palabressansfrontieres.fr\/et-si-vous-voyagiez-autrement\/sejour2017-1\/\" rel=\"attachment wp-att-619\"><img loading=\"lazy\" decoding=\"async\" class=\"alignright wp-image-619\" src=\"http:\/\/www.palabressansfrontieres.fr\/wp-content\/uploads\/2017\/06\/sejour2017-1.jpg\" alt=\"\" width=\"196\" height=\"147\" srcset=\"https:\/\/www.palabressansfrontieres.fr\/wp-content\/uploads\/2017\/06\/sejour2017-1.jpg 400w, https:\/\/www.palabressansfrontieres.fr\/wp-content\/uploads\/2017\/06\/sejour2017-1-300x225.jpg 300w\" sizes=\"auto, (max-width: 196px) 100vw, 196px\" \/><\/a>Prenez le temps de vivre au rythme d\u2019un village <\/strong><\/span><span style=\"color: #0000ff;\"><strong>traditionnel.<\/strong><\/span><\/p>\n<p style=\"text-align: justify;\"><strong>Vous appr\u00e9cierez \u00ab la teranga \u00bb, la l\u00e9gendaire hospitalit\u00e9 des s\u00e9n\u00e9galais et les palabres sous un arbre, autour d\u2019un th\u00e9 ou d\u2019un \u00ab thi\u00e9 boudieune \u00bb pr\u00e9par\u00e9 avec soin par les femmes.<\/strong><\/p>\n<p style=\"text-align: justify;\"><span style=\"color: #ff0000;\"><strong><a href=\"http:\/\/www.palabressansfrontieres.fr\/et-si-vous-voyagiez-autrement\/sejour2017-2\/\" rel=\"attachment wp-att-623\"><img loading=\"lazy\" decoding=\"async\" class=\"alignleft wp-image-623\" src=\"http:\/\/www.palabressansfrontieres.fr\/wp-content\/uploads\/2017\/06\/sejour2017-2.jpg\" alt=\"\" width=\"233\" height=\"173\" srcset=\"https:\/\/www.palabressansfrontieres.fr\/wp-content\/uploads\/2017\/06\/sejour2017-2.jpg 400w, https:\/\/www.palabressansfrontieres.fr\/wp-content\/uploads\/2017\/06\/sejour2017-2-300x224.jpg 300w\" sizes=\"auto, (max-width: 233px) 100vw, 233px\" \/><\/a>V<\/strong><strong>oyager solidaires et \u00e9quitables avec Palabres Sans Fronti\u00e8res <\/strong><strong> au S\u00e9n\u00e9gal, <\/strong><\/span><strong>dans les villages de Keur Samba Yacine, NDem, Lompoul et Sanar.<\/strong> Partir avec Palabres, c\u2019est vivre une v\u00e9ritable immersion dans un village traditionnel s\u00e9n\u00e9galais, tout en participant \u00e0 des activit\u00e9s : sortie au march\u00e9, cueillette des mangues, travail aux champs, cuisine avec les femmes, tressage de cheveux, percussions, danses, teinture batik, match de foot, ateliers enfants\u2026.<\/p>\n<p><strong><span style=\"color: #ff0000;\">D\u00e9couvrez des paysages uniques<\/span> <\/strong><\/p>\n<p style=\"text-align: justify;\"><a href=\"http:\/\/www.palabressansfrontieres.fr\/et-si-vous-voyagiez-autrement\/sejour2017-4\/\" rel=\"attachment wp-att-621\"><img loading=\"lazy\" decoding=\"async\" class=\"alignleft wp-image-621\" src=\"http:\/\/www.palabressansfrontieres.fr\/wp-content\/uploads\/2017\/06\/sejour2017-4.jpg\" alt=\"\" width=\"203\" height=\"142\" srcset=\"https:\/\/www.palabressansfrontieres.fr\/wp-content\/uploads\/2017\/06\/sejour2017-4.jpg 400w, https:\/\/www.palabressansfrontieres.fr\/wp-content\/uploads\/2017\/06\/sejour2017-4-300x209.jpg 300w\" sizes=\"auto, (max-width: 203px) 100vw, 203px\" \/><\/a><strong><a href=\"http:\/\/www.palabressansfrontieres.fr\/et-si-vous-voyagiez-autrement\/sejour2017-3\/\" rel=\"attachment wp-att-622\"><img loading=\"lazy\" decoding=\"async\" class=\"alignright wp-image-622 \" src=\"http:\/\/www.palabressansfrontieres.fr\/wp-content\/uploads\/2017\/06\/sejour2017-3-300x234.jpg\" alt=\"\" width=\"164\" height=\"128\" srcset=\"https:\/\/www.palabressansfrontieres.fr\/wp-content\/uploads\/2017\/06\/sejour2017-3-300x234.jpg 300w, https:\/\/www.palabressansfrontieres.fr\/wp-content\/uploads\/2017\/06\/sejour2017-3.jpg 400w\" sizes=\"auto, (max-width: 164px) 100vw, 164px\" \/><\/a>Randonn\u00e9es p\u00e9destre, visites de sites historisques, activit\u00e9s sportives avec les jeunes du village&#8230;<\/strong> Vous serez accueillis pour partager votre repas du midi et le c\u00e9r\u00e9monial du th\u00e9 avec votre famille d&rsquo;accueil.<\/p>\n<p style=\"text-align: justify;\"><span style=\"color: #ff0000;\"><strong><a href=\"http:\/\/www.palabressansfrontieres.fr\/et-si-vous-voyagiez-autrement\/sejour2017-5\/\" rel=\"attachment wp-att-620\"><img loading=\"lazy\" decoding=\"async\" class=\"alignleft wp-image-620 \" src=\"http:\/\/www.palabressansfrontieres.fr\/wp-content\/uploads\/2017\/06\/sejour2017-5-300x206.jpg\" alt=\"\" width=\"217\" height=\"149\" srcset=\"https:\/\/www.palabressansfrontieres.fr\/wp-content\/uploads\/2017\/06\/sejour2017-5-300x206.jpg 300w, https:\/\/www.palabressansfrontieres.fr\/wp-content\/uploads\/2017\/06\/sejour2017-5.jpg 400w\" sizes=\"auto, (max-width: 217px) 100vw, 217px\" \/><\/a>Dates des prochains s\u00e9jours<\/strong> :<br \/>\n<\/span><\/p>\n<p><strong><a href=\"https:\/\/www.palabressansfrontieres.fr\/web\/prochains-evenements\/\">En 2025 et 2026<\/a><\/strong><\/p>\n<p><a href=\"..\/web\/prochains-evenements\/\">Prochains \u00e9v\u00e8nements\u00a0<\/a><\/p>\n<p><a href=\"https:\/\/www.palabressansfrontieres.fr\/wp-content\/uploads\/2025\/04\/plabres2504222.jpg\"><img loading=\"lazy\" decoding=\"async\" class=\"alignnone size-full wp-image-760\" src=\"https:\/\/www.palabressansfrontieres.fr\/wp-content\/uploads\/2025\/04\/plabres2504222.jpg\" alt=\"\" width=\"677\" height=\"962\" srcset=\"https:\/\/www.palabressansfrontieres.fr\/wp-content\/uploads\/2025\/04\/plabres2504222.jpg 677w, https:\/\/www.palabressansfrontieres.fr\/wp-content\/uploads\/2025\/04\/plabres2504222-211x300.jpg 211w\" sizes=\"auto, (max-width: 677px) 100vw, 677px\" \/><\/a><\/p>\n<p style=\"text-align: left;\"><span style=\"color: #ff0000;\"><strong>Pour plus d\u2019infos <\/strong><\/span><strong><a href=\"http:\/\/www.palabressansfrontieres.fr\/\">\u00a0<\/a> <\/strong><\/p>\n<p><strong>Jusqu&rsquo;en septembre 2025 :<\/strong><\/p>\n<p><strong>Tel : France<br \/>\nSamba Gaye t\u00e9l\u00e9phone France : 0671194674. <\/strong><br \/>\n<strong>V\u00e9ronique boizante Gaye num\u00e9ro France:\u00a0 0608149508<\/strong><\/p>\n<p><strong>apr\u00e8s septembre 2025:<\/strong><\/p>\n<p style=\"text-align: justify;\"><strong>T\u00e9l\u00a0: S\u00e9n\u00e9gal (possibilit\u00e9 d\u2019utiliser watsapp) :<br \/>\nSamba : 00221 178 187 58 06<br \/>\nV\u00e9ronique : 00 221 77 219 42 89<\/strong><\/p>\n","protected":false},"excerpt":{"rendered":"<p>Prenez le temps de vivre au rythme d\u2019un village traditionnel. Vous appr\u00e9cierez \u00ab la teranga \u00bb, la l\u00e9gendaire hospitalit\u00e9 des s\u00e9n\u00e9galais et les palabres sous un arbre, autour d\u2019un th\u00e9 ou d\u2019un \u00ab thi\u00e9 boudieune \u00bb pr\u00e9par\u00e9 avec soin par&hellip; <\/p>\n","protected":false},"author":1,"featured_media":0,"parent":0,"menu_order":0,"comment_status":"closed","ping_status":"closed","template":"","meta":{"footnotes":""},"class_list":["post-628","page","type-page","status-publish","hentry"],"_links":{"self":[{"href":"https:\/\/www.palabressansfrontieres.fr\/web\/wp-json\/wp\/v2\/pages\/628","targetHints":{"allow":["GET"]}}],"collection":[{"href":"https:\/\/www.palabressansfrontieres.fr\/web\/wp-json\/wp\/v2\/pages"}],"about":[{"href":"https:\/\/www.palabressansfrontieres.fr\/web\/wp-json\/wp\/v2\/types\/page"}],"author":[{"embeddable":true,"href":"https:\/\/www.palabressansfrontieres.fr\/web\/wp-json\/wp\/v2\/users\/1"}],"replies":[{"embeddable":true,"href":"https:\/\/www.palabressansfrontieres.fr\/web\/wp-json\/wp\/v2\/comments?post=628"}],"version-history":[{"count":9,"href":"https:\/\/www.palabressansfrontieres.fr\/web\/wp-json\/wp\/v2\/pages\/628\/revisions"}],"predecessor-version":[{"id":763,"href":"https:\/\/www.palabressansfrontieres.fr\/web\/wp-json\/wp\/v2\/pages\/628\/revisions\/763"}],"wp:attachment":[{"href":"https:\/\/www.palabressansfrontieres.fr\/web\/wp-json\/wp\/v2\/media?parent=628"}],"curies":[{"name":"wp","href":"https:\/\/api.w.org\/{rel}","templated":true}]}}