{"id":434,"date":"2014-11-13T16:10:28","date_gmt":"2014-11-13T15:10:28","guid":{"rendered":"http:\/\/palabressansfrontieres.fr\/?page_id=434"},"modified":"2019-10-22T15:05:50","modified_gmt":"2019-10-22T14:05:50","slug":"lequipe","status":"publish","type":"page","link":"https:\/\/www.palabressansfrontieres.fr\/web\/lequipe\/","title":{"rendered":"L&rsquo;\u00e9quipe"},"content":{"rendered":"<h1 style=\"text-align: center;\"><strong>LE\u00a0 NOUVEAU\u00a0 BUREAU \u00a0apr\u00e8s l\u2019AG 2016<\/strong><\/h1>\n<table style=\"width: 603px;\" border=\"0\">\n<tbody>\n<tr>\n<td style=\"width: 190.883px;\"><a href=\"http:\/\/www.palabressansfrontieres.fr\/lequipe\/samba2016\/\" rel=\"attachment wp-att-515\"><img loading=\"lazy\" decoding=\"async\" class=\"alignright size-medium wp-image-515\" src=\"http:\/\/www.palabressansfrontieres.fr\/wp-content\/uploads\/2014\/11\/Samba2016.jpg\" alt=\"samba2016\" width=\"217\" height=\"244\" \/><\/a><\/td>\n<td style=\"width: 357.117px;\">\n<h5><strong>Pr\u00e9sident: Samba GAYE<\/strong><\/h5>\n<p><strong>l\u2019un des cr\u00e9ateurs de l\u2019association <\/strong><\/td>\n<\/tr>\n<\/tbody>\n<\/table>\n<table style=\"width: 603px;\" border=\"0\">\n<tbody>\n<tr>\n<td style=\"width: 214px;\"><a href=\"http:\/\/www.palabressansfrontieres.fr\/lequipe\/vero2016\/\" rel=\"attachment wp-att-516\"><img loading=\"lazy\" decoding=\"async\" class=\"alignright size-medium wp-image-516\" src=\"http:\/\/www.palabressansfrontieres.fr\/wp-content\/uploads\/2014\/11\/vero2016.jpg\" alt=\"vero2016\" width=\"217\" height=\"244\" \/><\/a><\/td>\n<td style=\"width: 368px;\">\n<h5><strong>Tr\u00e9sori\u00e8re : V\u00e9ronique BOIZANTE<\/strong><\/h5>\n<\/td>\n<\/tr>\n<\/tbody>\n<\/table>\n<table style=\"width: 603px;\" border=\"0\">\n<tbody>\n<tr>\n<td style=\"width: 203.067px;\">\n<h5><a href=\"http:\/\/www.palabressansfrontieres.fr\/lequipe\/christiane\/\" rel=\"attachment wp-att-514\"><img loading=\"lazy\" decoding=\"async\" class=\"alignright size-full wp-image-514\" src=\"http:\/\/www.palabressansfrontieres.fr\/wp-content\/uploads\/2014\/11\/christiane.jpg\" alt=\"christiane\" width=\"205\" height=\"243\" \/><\/a><\/h5>\n<\/td>\n<td style=\"width: 375.933px;\">\n<h5><strong>Secr\u00e9taire: Christiane DESPLATS<br \/>\n<\/strong><\/h5>\n<\/td>\n<\/tr>\n<\/tbody>\n<\/table>\n","protected":false},"excerpt":{"rendered":"<p>LE\u00a0 NOUVEAU\u00a0 BUREAU \u00a0apr\u00e8s l\u2019AG 2016 Pr\u00e9sident: Samba GAYE l\u2019un des cr\u00e9ateurs de l\u2019association Tr\u00e9sori\u00e8re : V\u00e9ronique BOIZANTE Secr\u00e9taire: Christiane DESPLATS<\/p>\n","protected":false},"author":1,"featured_media":0,"parent":0,"menu_order":0,"comment_status":"closed","ping_status":"open","template":"","meta":{"footnotes":""},"class_list":["post-434","page","type-page","status-publish","hentry"],"_links":{"self":[{"href":"https:\/\/www.palabressansfrontieres.fr\/web\/wp-json\/wp\/v2\/pages\/434","targetHints":{"allow":["GET"]}}],"collection":[{"href":"https:\/\/www.palabressansfrontieres.fr\/web\/wp-json\/wp\/v2\/pages"}],"about":[{"href":"https:\/\/www.palabressansfrontieres.fr\/web\/wp-json\/wp\/v2\/types\/page"}],"author":[{"embeddable":true,"href":"https:\/\/www.palabressansfrontieres.fr\/web\/wp-json\/wp\/v2\/users\/1"}],"replies":[{"embeddable":true,"href":"https:\/\/www.palabressansfrontieres.fr\/web\/wp-json\/wp\/v2\/comments?post=434"}],"version-history":[{"count":12,"href":"https:\/\/www.palabressansfrontieres.fr\/web\/wp-json\/wp\/v2\/pages\/434\/revisions"}],"predecessor-version":[{"id":669,"href":"https:\/\/www.palabressansfrontieres.fr\/web\/wp-json\/wp\/v2\/pages\/434\/revisions\/669"}],"wp:attachment":[{"href":"https:\/\/www.palabressansfrontieres.fr\/web\/wp-json\/wp\/v2\/media?parent=434"}],"curies":[{"name":"wp","href":"https:\/\/api.w.org\/{rel}","templated":true}]}}