{"id":4,"date":"2014-08-01T23:09:33","date_gmt":"2014-08-01T22:09:33","guid":{"rendered":"http:\/\/palabressansfrontieres.fr\/?page_id=4"},"modified":"2014-10-09T12:23:45","modified_gmt":"2014-10-09T11:23:45","slug":"lhistorique-de-lassociation","status":"publish","type":"page","link":"https:\/\/www.palabressansfrontieres.fr\/web\/lhistorique-de-lassociation\/","title":{"rendered":"L&rsquo;historique de l&rsquo;association"},"content":{"rendered":"<h3 style=\"text-align: justify;\">Les valeurs de notre association<\/h3>\n<p style=\"text-align: justify;\">L&rsquo;association Palabres sans Fronti\u00e8res, fond\u00e9e en 1995, met en place des actions de solidarit\u00e9 internationale et de rencontre interculturelle par des s\u00e9jours solidaires et des actions de sensibilisation et de pr\u00e9paration au d\u00e9part.<\/p>\n<p style=\"text-align: justify;\">Elle soutient et finance des projets de d\u00e9veloppement durable, en particulier au S\u00e9n\u00e9gal, avec le concours de la R\u00e9gion Midi Pyr\u00e9n\u00e9es et de l&rsquo;Agence R\u00e9gionale de D\u00e9veloppement de Thi\u00e8s (S\u00e9n\u00e9gal).<\/p>\n<p style=\"text-align: justify;\">Elle d\u00e9veloppe des s\u00e9jours dans le respect d&rsquo;une Charte de tourisme \u00e9quitable et solidaire:<\/p>\n<ul style=\"text-align: justify;\">\n<li>Respect des populations locales, de leur culture et de leur environnement,<\/li>\n<li>Appui \u00e0 des projets locaux,<\/li>\n<li>R\u00e9partition \u00e9quitable des ressources g\u00e9n\u00e9r\u00e9es.<\/li>\n<\/ul>\n<h3 style=\"text-align: justify;\">La naissance du projet de s\u00e9jours solidaires et \u00e9quitables \u00e0 Keur Samba Yacine<\/h3>\n<p style=\"text-align: justify;\">Depuis 2003, Palabres sans Fronti\u00e8res a \u00e9tabli un partenariat avec le village de Keur Samba Yacine, dans une d\u00e9marche de participation et d&rsquo;implication des divers acteurs locaux. Dans le cadre de ce partenariat et avec le soutien de la R\u00e9gion Midi Pyr\u00e9n\u00e9es, un poste de sant\u00e9 a \u00e9t\u00e9 construit. Cette action de d\u00e9veloppement a \u00e9galement \u00e9t\u00e9 l&rsquo;occasion d&rsquo;organiser des chantiers de jeunes au village. Entre 2003 et 2006, ann\u00e9e d&rsquo;ouverture du poste de sant\u00e9, 44 fran\u00e7ais(es) ont ainsi partag\u00e9 la vie quotidienne du village. La richesse des \u00e9changes interculturels et la n\u00e9cessit\u00e9 d&rsquo;assurer l&rsquo;autogestion du poste par les villageois ont motiv\u00e9 la construction d&rsquo;un site d&rsquo;accueil. Le site est destin\u00e9 \u00e0 accueillir des voyageurs solidaires, souhaitant soutenir un projet de d\u00e9veloppement.<\/p>\n<p style=\"text-align: justify;\">L&rsquo;objectif \u00e9tant de faire en sorte que les villageois ne soient pas d\u00e9pendants d&rsquo;une seule activit\u00e9, il s&rsquo;agit \u00e0 pr\u00e9sent de d\u00e9velopper des activit\u00e9s traditionnelles (agriculture, artisanat, \u00e9levage) afin qu&rsquo;elles aussi puissent autofinancer les \u00e9quipements collectifs.<\/p>\n<h3 style=\"text-align: justify;\">Notre exp\u00e9rience<\/h3>\n<ul style=\"text-align: justify;\">\n<li>Plus de 45 s\u00e9jours solidaires et \u00e9quitables ont \u00e9t\u00e9 organis\u00e9s avec nous depuis douze ans,<\/li>\n<li>Plus de 100000 Euros investis dans des projets de d\u00e9veloppement au S\u00e9n\u00e9gal depuis 2003,<\/li>\n<li style=\"text-align: justify;\">Pour lire les commentaires des anciens voyageurs, voir la rubrique \u00ab\u00a0t\u00e9moignages\u00a0\u00bb.<\/li>\n<\/ul>\n","protected":false},"excerpt":{"rendered":"<p>Les valeurs de notre association L&rsquo;association Palabres sans Fronti\u00e8res, fond\u00e9e en 1995, met en place des actions de solidarit\u00e9 internationale et de rencontre interculturelle par des s\u00e9jours solidaires et des actions de sensibilisation et de pr\u00e9paration au d\u00e9part. Elle soutient&hellip; <\/p>\n","protected":false},"author":1,"featured_media":0,"parent":0,"menu_order":0,"comment_status":"closed","ping_status":"open","template":"","meta":{"footnotes":""},"class_list":["post-4","page","type-page","status-publish","hentry"],"_links":{"self":[{"href":"https:\/\/www.palabressansfrontieres.fr\/web\/wp-json\/wp\/v2\/pages\/4","targetHints":{"allow":["GET"]}}],"collection":[{"href":"https:\/\/www.palabressansfrontieres.fr\/web\/wp-json\/wp\/v2\/pages"}],"about":[{"href":"https:\/\/www.palabressansfrontieres.fr\/web\/wp-json\/wp\/v2\/types\/page"}],"author":[{"embeddable":true,"href":"https:\/\/www.palabressansfrontieres.fr\/web\/wp-json\/wp\/v2\/users\/1"}],"replies":[{"embeddable":true,"href":"https:\/\/www.palabressansfrontieres.fr\/web\/wp-json\/wp\/v2\/comments?post=4"}],"version-history":[{"count":3,"href":"https:\/\/www.palabressansfrontieres.fr\/web\/wp-json\/wp\/v2\/pages\/4\/revisions"}],"predecessor-version":[{"id":9,"href":"https:\/\/www.palabressansfrontieres.fr\/web\/wp-json\/wp\/v2\/pages\/4\/revisions\/9"}],"wp:attachment":[{"href":"https:\/\/www.palabressansfrontieres.fr\/web\/wp-json\/wp\/v2\/media?parent=4"}],"curies":[{"name":"wp","href":"https:\/\/api.w.org\/{rel}","templated":true}]}}