{"id":31,"date":"2014-08-02T00:18:51","date_gmt":"2014-08-01T23:18:51","guid":{"rendered":"http:\/\/palabressansfrontieres.fr\/?page_id=31"},"modified":"2017-02-27T20:47:59","modified_gmt":"2017-02-27T19:47:59","slug":"nos-actions-au-senegal","status":"publish","type":"page","link":"https:\/\/www.palabressansfrontieres.fr\/web\/nos-actions-au-senegal\/","title":{"rendered":"Nos actions au S\u00e9n\u00e9gal"},"content":{"rendered":"<h3>Participation des voyageurs au projet de d\u00e9veloppement :902\u20ac pour l&rsquo;ann\u00e9e 2013<\/h3>\n<h3>Participation de palabres sans fronti\u00e8res au projet de d\u00e9veloppement solaire :16 222\u20ac<\/h3>\n<ul>\n<li>Soit doublement des panneaux solaires du poste de sant\u00e9<\/li>\n<li>Installation solaire au site d&rsquo;accueil et \u00e0 l&rsquo;atelier des femmes<\/li>\n<li>Installation sur les places de 6 lampadaires solaires pour le village<\/li>\n<\/ul>\n<h3>Nombre de voyageurs solidaires en 2013 :<\/h3>\n<ul>\n<li>17 voyageurs soit 196 journ\u00e9es en janvier, f\u00e9vrier, mars, juillet et ao\u00fbt 2013<\/li>\n<\/ul>\n<h3>Construction et fonctionnement d&rsquo;un poste de sant\u00e9 \u00e0 Keur Samba Yacine<\/h3>\n<ul>\n<li>Aide \u00e0 la construction d&rsquo;un poste de sant\u00e9 avec l&rsquo;aide de la <a href=\"index.php?option=com_content&amp;view=article&amp;id=30:la-cooperation-decentralisee-avec-le-conseil-regional-de-thies-senegal-et-la-region-midi-pyrenees&amp;catid=12&amp;Itemid=8\">r\u00e9gion Midi Pyr\u00e9n\u00e9es<\/a> (<em>valeur 35000\u20ac<\/em>),<\/li>\n<li style=\"text-align: justify;\">Equipement complet du poste de sant\u00e9 en mat\u00e9riel m\u00e9dical et mobilier avec l&rsquo;aide de <a href=\"http:\/\/www.phi.asso.fr\" target=\"_blank\">Pharmacie Humanitaire Internationale<\/a>, <a href=\"http:\/\/www.medecinsdumonde.org\/\" target=\"_blank\">M\u00e9decins du Monde<\/a> et <a href=\"http:\/\/www.emmaus-france.org\" target=\"_blank\">Emma\u00fcs<\/a>,<\/li>\n<li>Recrutement d&rsquo;une infirmi\u00e8re sage-femme et financement de son salaire,<\/li>\n<li style=\"text-align: justify;\">Equipement du poste de sant\u00e9 en \u00e9nergie solaire (cellule photovolta\u00efques &#8211; <em>valeur 3900\u20ac<\/em>),<\/li>\n<li style=\"text-align: justify;\">Dons trimestriels de m\u00e9dicaments au poste de sant\u00e9 depuis son ouverture en 2006 (avec le concours de <a href=\"http:\/\/www.medecinsdumonde.org\/\">M\u00e9decins du Monde<\/a> et <a href=\"http:\/\/www.phi.asso.fr\" target=\"_blank\">Pharmacie Humanitaire Internationale<\/a>).<\/li>\n<\/ul>\n<ul>\n<li><a href=\"http:\/\/palabressansfrontieres.fr\/wp-content\/uploads\/2014\/08\/visite-malvy-ksy007.jpg\"><img loading=\"lazy\" decoding=\"async\" class=\"alignnone wp-image-32\" src=\"http:\/\/palabressansfrontieres.fr\/wp-content\/uploads\/2014\/08\/visite-malvy-ksy007-300x199.jpg\" alt=\"S\u00e9jours solidaires et \u00e9quitables au S\u00e9n\u00e9gal - Palabres sans Fronti\u00e8res\" width=\"292\" height=\"194\" srcset=\"https:\/\/www.palabressansfrontieres.fr\/wp-content\/uploads\/2014\/08\/visite-malvy-ksy007-300x199.jpg 300w, https:\/\/www.palabressansfrontieres.fr\/wp-content\/uploads\/2014\/08\/visite-malvy-ksy007.jpg 320w\" sizes=\"auto, (max-width: 292px) 100vw, 292px\" \/><\/a>\u00a0<a href=\"http:\/\/palabressansfrontieres.fr\/wp-content\/uploads\/2014\/08\/linfirmire-interwieve-par-la-presse-sngalaise-en-2008.jpg\"><img loading=\"lazy\" decoding=\"async\" class=\"alignnone wp-image-35\" src=\"http:\/\/palabressansfrontieres.fr\/wp-content\/uploads\/2014\/08\/linfirmire-interwieve-par-la-presse-sngalaise-en-2008-300x224.jpg\" alt=\"infirmiere interwieve par la presse senegalaise en 2008\" width=\"258\" height=\"193\" srcset=\"https:\/\/www.palabressansfrontieres.fr\/wp-content\/uploads\/2014\/08\/linfirmire-interwieve-par-la-presse-sngalaise-en-2008-300x224.jpg 300w, https:\/\/www.palabressansfrontieres.fr\/wp-content\/uploads\/2014\/08\/linfirmire-interwieve-par-la-presse-sngalaise-en-2008.jpg 320w\" sizes=\"auto, (max-width: 258px) 100vw, 258px\" \/><\/a> <a href=\"http:\/\/palabressansfrontieres.fr\/wp-content\/uploads\/2014\/08\/visite-mr-malvy-ksy-oct-08-011.jpg\"><img loading=\"lazy\" decoding=\"async\" class=\"aligncenter wp-image-33\" src=\"http:\/\/palabressansfrontieres.fr\/wp-content\/uploads\/2014\/08\/visite-mr-malvy-ksy-oct-08-011-300x224.jpg\" alt=\"visite mr Malvy oct 08 011\" width=\"314\" height=\"235\" srcset=\"https:\/\/www.palabressansfrontieres.fr\/wp-content\/uploads\/2014\/08\/visite-mr-malvy-ksy-oct-08-011-300x224.jpg 300w, https:\/\/www.palabressansfrontieres.fr\/wp-content\/uploads\/2014\/08\/visite-mr-malvy-ksy-oct-08-011.jpg 320w\" sizes=\"auto, (max-width: 314px) 100vw, 314px\" \/><\/a><\/li>\n<\/ul>\n<p style=\"text-align: left;\"><em>Visite de M. MALVY (pr\u00e9sident du Conseil R\u00e9gional de Midi Pyr\u00e9n\u00e9es) \u00e0 Keur Samba Yacine pour l&rsquo;inauguration du poste de sant\u00e9.<\/em><\/p>\n<h3>Construction de cases d&rsquo;accueil pour les voyageurs \u00e0 Keur Samba Yacine<\/h3>\n<ul>\n<li style=\"text-align: justify;\">Aide \u00e0 la construction et \u00e9quipement en mobilier d&rsquo;un site d&rsquo;accueil de visiteurs \u00e9trangers constitu\u00e9 de <strong>deux grandes cases d&rsquo;une capacit\u00e9 de dix lits<\/strong> (chambres doubles), d&rsquo;une salle \u00e0 manger, de 2 toilettes et d&rsquo;une petite salle pour se doucher (au seau).<\/li>\n<li style=\"text-align: justify;\">Aide \u00e0 la construction et \u00e9quipement en mobilier d&rsquo;une<strong> case d&rsquo;accueil pour les familles<\/strong> constitu\u00e9e de deux chambres (un lit double et deux lits individuels) avec chacune une salle de bain (toilettes et salle de douche) et d&rsquo;une salle \u00e0 manger.<\/li>\n<li style=\"text-align: justify;\">Aide \u00e0 la construction de toilettes et d&rsquo;une salle de douche suppl\u00e9mentaire dans la cour du site d&rsquo;accueil pour les voyageurs.<\/li>\n<\/ul>\n<p style=\"text-align: center;\"><a href=\"http:\/\/palabressansfrontieres.fr\/wp-content\/uploads\/2014\/08\/les-cases-daccueil.jpg\"><img loading=\"lazy\" decoding=\"async\" class=\"alignnone wp-image-39\" src=\"http:\/\/palabressansfrontieres.fr\/wp-content\/uploads\/2014\/08\/les-cases-daccueil-300x225.jpg\" alt=\"les cases daccueil\" width=\"196\" height=\"147\" srcset=\"https:\/\/www.palabressansfrontieres.fr\/wp-content\/uploads\/2014\/08\/les-cases-daccueil-300x225.jpg 300w, https:\/\/www.palabressansfrontieres.fr\/wp-content\/uploads\/2014\/08\/les-cases-daccueil.jpg 320w\" sizes=\"auto, (max-width: 196px) 100vw, 196px\" \/><\/a> <a href=\"http:\/\/palabressansfrontieres.fr\/wp-content\/uploads\/2014\/08\/le-sjour-dans-la-case-daccueil.jpg\"><img loading=\"lazy\" decoding=\"async\" class=\"alignnone wp-image-38\" src=\"http:\/\/palabressansfrontieres.fr\/wp-content\/uploads\/2014\/08\/le-sjour-dans-la-case-daccueil-300x225.jpg\" alt=\"le sejour dans la case daccueil\" width=\"196\" height=\"147\" srcset=\"https:\/\/www.palabressansfrontieres.fr\/wp-content\/uploads\/2014\/08\/le-sjour-dans-la-case-daccueil-300x225.jpg 300w, https:\/\/www.palabressansfrontieres.fr\/wp-content\/uploads\/2014\/08\/le-sjour-dans-la-case-daccueil.jpg 320w\" sizes=\"auto, (max-width: 196px) 100vw, 196px\" \/> <\/a><a href=\"http:\/\/palabressansfrontieres.fr\/wp-content\/uploads\/2014\/08\/une-chambre.jpg\"><img loading=\"lazy\" decoding=\"async\" class=\"alignnone wp-image-40\" src=\"http:\/\/palabressansfrontieres.fr\/wp-content\/uploads\/2014\/08\/une-chambre-300x225.jpg\" alt=\"une chambre\" width=\"196\" height=\"147\" srcset=\"https:\/\/www.palabressansfrontieres.fr\/wp-content\/uploads\/2014\/08\/une-chambre-300x225.jpg 300w, https:\/\/www.palabressansfrontieres.fr\/wp-content\/uploads\/2014\/08\/une-chambre.jpg 320w\" sizes=\"auto, (max-width: 196px) 100vw, 196px\" \/><\/a><\/p>\n<h3>Construction d&rsquo;une cuisine communautaire \u00e0 Keur Samba Yacine<\/h3>\n<ul>\n<li style=\"text-align: justify;\">Aide \u00e0 la construction et \u00e9quipement d&rsquo;une cuisine communautaire situ\u00e9e derri\u00e8re les cases d&rsquo;accueil afin que le groupement des femmes puisse se r\u00e9unir pour cuisiner les repas pour les voyageurs ou lors de grands \u00e9v\u00e8nements dans le village.<\/li>\n<\/ul>\n<p style=\"text-align: center;\"><a href=\"http:\/\/palabressansfrontieres.fr\/wp-content\/uploads\/2014\/08\/dsc00176.jpg\"><img loading=\"lazy\" decoding=\"async\" class=\"alignnone wp-image-44\" src=\"http:\/\/palabressansfrontieres.fr\/wp-content\/uploads\/2014\/08\/dsc00176-300x225.jpg\" alt=\"S\u00e9jour solidaire au S\u00e9n\u00e9gal\" width=\"224\" height=\"168\" srcset=\"https:\/\/www.palabressansfrontieres.fr\/wp-content\/uploads\/2014\/08\/dsc00176-300x225.jpg 300w, https:\/\/www.palabressansfrontieres.fr\/wp-content\/uploads\/2014\/08\/dsc00176.jpg 320w\" sizes=\"auto, (max-width: 224px) 100vw, 224px\" \/><\/a> <img loading=\"lazy\" decoding=\"async\" title=\"S\u00e9jours solidaires et \u00e9quitables au S\u00e9n\u00e9gal - Palabres sans Fronti\u00e8res\" src=\"\/images\/stories\/dsc00161.jpg\" alt=\"S\u00e9jours solidaires et \u00e9quitables au S\u00e9n\u00e9gal - Palabres sans Fronti\u00e8res\" width=\"227\" height=\"168\" border=\"0\" \/> <img loading=\"lazy\" decoding=\"async\" title=\"S\u00e9jours solidaires et \u00e9quitables au S\u00e9n\u00e9gal - Palabres sans Fronti\u00e8res\" src=\"\/images\/stories\/cuisine communautaire.jpg\" alt=\"S\u00e9jours solidaires et \u00e9quitables au S\u00e9n\u00e9gal - Palabres sans Fronti\u00e8res\" width=\"167\" height=\"223\" border=\"0\" \/><\/p>\n<h3 style=\"text-align: justify;\">Construction et \u00e9quipement de plusieurs salles de classe dans le village et les alentours<\/h3>\n<ul>\n<li style=\"text-align: justify;\">R\u00e9habilitation compl\u00e8te (ma\u00e7onnerie, peinture) du jardin d&rsquo;enfants de Keur Samba Yacine et son \u00e9quipement (mobilier, balan\u00e7oire, v\u00e9los, etc) &#8211; <em>Valeur 1500\u20ac<\/em>,<\/li>\n<li>R\u00e9habilitation du b\u00e2timent de l&rsquo;\u00e9cole \u00e9l\u00e9mentaire de KSY, r\u00e9paration du mobilier,<\/li>\n<li>Achat de livres et de mat\u00e9riel p\u00e9dagogique (<em>valeur 1500\u20ac)<\/em>,<\/li>\n<li style=\"text-align: justify;\">Aide au financement d&rsquo;une salle de classe de coll\u00e8ge \u00e0 Daga et \u00e0 Keur Path\u00e9 (<em>valeur 1100\u20ac<\/em>).<\/li>\n<\/ul>\n<p style=\"text-align: center;\"><img loading=\"lazy\" decoding=\"async\" style=\"border-width: 0px;\" title=\"S\u00e9jours solidaires et \u00e9quitables au S\u00e9n\u00e9gal - Palabres sans Fronti\u00e8res\" src=\"\/images\/stories\/dsc00438.jpg\" alt=\"S\u00e9jours solidaires et \u00e9quitables au S\u00e9n\u00e9gal - Palabres sans Fronti\u00e8res\" width=\"195\" height=\"144\" \/> <img loading=\"lazy\" decoding=\"async\" style=\"border-width: 0px;\" title=\"S\u00e9jours solidaires et \u00e9quitables au S\u00e9n\u00e9gal - Palabres sans Fronti\u00e8res\" src=\"\/images\/stories\/photoksy_nov2007 209.jpg\" alt=\"S\u00e9jours solidaires et \u00e9quitables au S\u00e9n\u00e9gal - Palabres sans Fronti\u00e8res\" width=\"193\" height=\"144\" \/> <img loading=\"lazy\" decoding=\"async\" style=\"border-width: 0px;\" title=\"S\u00e9jours solidaires et \u00e9quitables au S\u00e9n\u00e9gal - Palabres sans Fronti\u00e8res\" src=\"\/images\/stories\/photoksy_nov2007 131.jpg\" alt=\"S\u00e9jours solidaires et \u00e9quitables au S\u00e9n\u00e9gal - Palabres sans Fronti\u00e8res\" width=\"189\" height=\"143\" \/><\/p>\n<h3>Construction d&rsquo;une case \u00ab\u00a0ateliers\u00a0\u00bb pour le groupement des femmes \u00e0 Keur Samba Yacine<\/h3>\n<ul>\n<li style=\"text-align: justify;\">Aide \u00e0 la construction d&rsquo;une <strong>case \u00ab\u00a0ateliers\u00a0\u00bb<\/strong> pour que le groupement des femmes puisse se r\u00e9unir afin de d\u00e9velopper leur artisanat (atelier teinture, couture, espace de r\u00e9unions, etc.).<\/li>\n<\/ul>\n<p style=\"text-align: center;\"><img loading=\"lazy\" decoding=\"async\" style=\"border-width: 0px;\" title=\"S\u00e9jours solidaires et \u00e9quitables au S\u00e9n\u00e9gal - Palabres sans Fronti\u00e8res\" src=\"\/images\/stories\/dsc00159.jpg\" alt=\"S\u00e9jours solidaires et \u00e9quitables au S\u00e9n\u00e9gal - Palabres sans Fronti\u00e8res\" width=\"192\" height=\"142\" \/> <img loading=\"lazy\" decoding=\"async\" style=\"border-width: 0px;\" title=\"S\u00e9jours solidaires et \u00e9quitables au S\u00e9n\u00e9gal - Palabres sans Fronti\u00e8res\" src=\"\/images\/stories\/p7290432.jpg\" alt=\"S\u00e9jours solidaires et \u00e9quitables au S\u00e9n\u00e9gal - Palabres sans Fronti\u00e8res\" width=\"186\" height=\"142\" \/> <img loading=\"lazy\" decoding=\"async\" style=\"border-width: 0px;\" title=\"S\u00e9jours solidaires et \u00e9quitables au S\u00e9n\u00e9gal - Palabres sans Fronti\u00e8res\" src=\"\/images\/stories\/photoksy_nov2007 200.jpg\" alt=\"S\u00e9jours solidaires et \u00e9quitables au S\u00e9n\u00e9gal - Palabres sans Fronti\u00e8res\" width=\"189\" height=\"141\" \/><\/p>\n<h3>Collecte et envoi de mat\u00e9riel m\u00e9dical au S\u00e9n\u00e9gal pour l&rsquo;h\u00f4pital de Thi\u00e8s<\/h3>\n<ul>\n<li style=\"text-align: justify;\">F\u00e9vrier 2010: Collecte et envoi de mat\u00e9riel m\u00e9dical \u00e0 l&rsquo;h\u00f4pital de Thi\u00e8s avec l&rsquo;aide de <a href=\"http:\/\/www.emmaus-france.org\" target=\"_blank\"><span style=\"text-decoration: underline;\">Emma\u00fcs<\/span><\/a>, Handicap Nord-Sud, <a href=\"http:\/\/www.phi.asso.fr\" target=\"_blank\">Pharmacie Humanitaire Internationale<\/a>, l&rsquo;ADESPAH, l&rsquo;Arm\u00e9e fran\u00e7aise&#8230;<\/li>\n<\/ul>\n<p style=\"text-align: center;\"><img loading=\"lazy\" decoding=\"async\" style=\"border-width: 0px;\" title=\"S\u00e9jours solidaires et \u00e9quitables au S\u00e9n\u00e9gal - Palabres sans Fronti\u00e8res\" src=\"\/images\/stories\/hpim3847.jpg\" alt=\"S\u00e9jours solidaires et \u00e9quitables au S\u00e9n\u00e9gal - Palabres sans Fronti\u00e8res\" width=\"197\" height=\"148\" \/>\u00a0 <img loading=\"lazy\" decoding=\"async\" style=\"border-width: 0px;\" title=\"S\u00e9jours solidaires et \u00e9quitables au S\u00e9n\u00e9gal - Palabres sans Fronti\u00e8res\" src=\"\/images\/stories\/hpim3864.jpg\" alt=\"S\u00e9jours solidaires et \u00e9quitables au S\u00e9n\u00e9gal - Palabres sans Fronti\u00e8res\" width=\"196\" height=\"148\" \/><\/p>\n<h3 style=\"text-align: justify;\">Am\u00e9nagement et D\u00e9veloppement du jardin potager du groupement des femmes<\/h3>\n<ul>\n<li><span style=\"color: #800000;\">D\u00e9broussage et nettoyage du jardin<\/span><\/li>\n<li><span style=\"color: #800000;\">Etude du terrain et des conditions g\u00e9ographiques par une stagiaire de l&rsquo;Ecole Agronome de Toulouse<\/span><\/li>\n<li><span style=\"color: #800000;\">Mise en place d&rsquo;un syst\u00e8me sp\u00e9cifique dit \u00ab\u00a0de contre saison\u00a0\u00bb<\/span><\/li>\n<li><span style=\"color: #800000;\">Organisation et r\u00e9partition des t\u00e2ches<\/span><\/li>\n<li><span style=\"color: #800000;\">Aujourd&rsquo;hui les femme produisent et vendent des l\u00e9gumes, issus de ce jardin au march\u00e9!<\/span><\/li>\n<\/ul>\n<p><img loading=\"lazy\" decoding=\"async\" src=\"\/images\/stories\/Jardin_femme_Charlotte1.jpg\" alt=\"Jardin_femme_Charlotte1\" width=\"170\" height=\"140\" \/><img loading=\"lazy\" decoding=\"async\" src=\"\/images\/stories\/Jardin_femme_Charlotte2.jpg\" alt=\"Jardin_femme_Charlotte2\" width=\"172\" height=\"140\" \/><img loading=\"lazy\" decoding=\"async\" src=\"\/images\/stories\/JardinfemmeCharlotte3.jpg\" alt=\"JardinfemmeCharlotte3\" width=\"173\" height=\"141\" \/><img loading=\"lazy\" decoding=\"async\" src=\"\/images\/stories\/JardinefemmesCharlotte4.jpg\" alt=\"JardinefemmesCharlotte4\" width=\"180\" height=\"140\" \/><\/p>\n<h3>R\u00e9alisations de projets en 2011 (8027\u20ac)<\/h3>\n<ul>\n<li>Carrelage du poste de sant\u00e9 pour garantir la propret\u00e9 et l&rsquo;hygi\u00e8ne du lieu<\/li>\n<li>Construction de trois espaces repas pour le site d&rsquo;accueil.<\/li>\n<li>Donation du mat\u00e9riel informatique pour le poste de sant\u00e9 et vid\u00e9o-projecteur pour que l&rsquo;infirmi\u00e8re puisse animer des r\u00e9unions de sensibilisation dans le village et les alentours;<\/li>\n<li>Construction de la cl\u00f4ture du site d&rsquo;accueil<\/li>\n<\/ul>\n<p><img loading=\"lazy\" decoding=\"async\" src=\"\/images\/stories\/poste_sant_carrel_2012_RED.jpg\" alt=\"poste_sant_carrel_2012_RED\" width=\"122\" height=\"217\" \/> <img loading=\"lazy\" decoding=\"async\" src=\"\/images\/stories\/coin_carrel2012_RED.jpg\" alt=\"coin_carrel2012_RED\" width=\"184\" height=\"141\" \/> <img loading=\"lazy\" decoding=\"async\" src=\"\/images\/stories\/projection_video2011_RED.jpg\" alt=\"projection_video2011_RED\" width=\"263\" height=\"116\" \/><\/p>\n<h3>Projets en cours et \u00e0 venir<\/h3>\n<ul>\n<li>Extension du projet d&rsquo;\u00e9levage de poulets de chair par le groupement des femmes;<\/li>\n<li style=\"text-align: justify;\">Formation des villageois en agriculture, \u00e9levage, artisanat, informatique et gestion-accueil des visiteurs;<\/li>\n<li>Extention de la capacit\u00e9 solaire du poste de sant\u00e9;<\/li>\n<li>Installation du solaire au site d&rsquo;accueil et \u00e0 l&rsquo;atelier des femmes;<\/li>\n<li>Achat d&rsquo;une motopompe solaire pour le jardin des femmes<\/li>\n<\/ul>\n<p><span style=\"color: #7a9233;\"><strong>Bilan des activit\u00e9s de l&rsquo;association au S\u00e9n\u00e9gal et en France<\/strong><\/span><\/p>\n<p><strong>Rapport Moral d&rsquo;activit\u00e9 des ann\u00e9es 2010 et 2011<br \/>\n<\/strong><\/p>\n<p>&nbsp;<\/p>\n<p style=\"text-align: justify;\">Si vous souhaitez prendre connaissance de nos actions en France et au S\u00e9n\u00e9gal, <a href=\"\/pdf\/AG%20 bilan d'activit\u00e9s 2012.pdf\" target=\"_blank\">t\u00e9l\u00e9chargez le bilan<\/a><\/p>\n<div id=\"_mcePaste\" class=\"mcePaste\" style=\"position: absolute; left: -10000px; top: 1598px; width: 1px; height: 1px; overflow: hidden;\">{ppgallery}<\/div>\n","protected":false},"excerpt":{"rendered":"<p>Participation des voyageurs au projet de d\u00e9veloppement :902\u20ac pour l&rsquo;ann\u00e9e 2013 Participation de palabres sans fronti\u00e8res au projet de d\u00e9veloppement solaire :16 222\u20ac Soit doublement des panneaux solaires du poste de sant\u00e9 Installation solaire au site d&rsquo;accueil et \u00e0 l&rsquo;atelier&hellip; <\/p>\n","protected":false},"author":1,"featured_media":0,"parent":0,"menu_order":0,"comment_status":"closed","ping_status":"open","template":"","meta":{"footnotes":""},"class_list":["post-31","page","type-page","status-publish","hentry"],"_links":{"self":[{"href":"https:\/\/www.palabressansfrontieres.fr\/web\/wp-json\/wp\/v2\/pages\/31","targetHints":{"allow":["GET"]}}],"collection":[{"href":"https:\/\/www.palabressansfrontieres.fr\/web\/wp-json\/wp\/v2\/pages"}],"about":[{"href":"https:\/\/www.palabressansfrontieres.fr\/web\/wp-json\/wp\/v2\/types\/page"}],"author":[{"embeddable":true,"href":"https:\/\/www.palabressansfrontieres.fr\/web\/wp-json\/wp\/v2\/users\/1"}],"replies":[{"embeddable":true,"href":"https:\/\/www.palabressansfrontieres.fr\/web\/wp-json\/wp\/v2\/comments?post=31"}],"version-history":[{"count":13,"href":"https:\/\/www.palabressansfrontieres.fr\/web\/wp-json\/wp\/v2\/pages\/31\/revisions"}],"predecessor-version":[{"id":569,"href":"https:\/\/www.palabressansfrontieres.fr\/web\/wp-json\/wp\/v2\/pages\/31\/revisions\/569"}],"wp:attachment":[{"href":"https:\/\/www.palabressansfrontieres.fr\/web\/wp-json\/wp\/v2\/media?parent=31"}],"curies":[{"name":"wp","href":"https:\/\/api.w.org\/{rel}","templated":true}]}}