{"id":18,"date":"2014-08-01T23:52:29","date_gmt":"2014-08-01T22:52:29","guid":{"rendered":"http:\/\/palabressansfrontieres.fr\/?page_id=18"},"modified":"2019-10-22T15:30:51","modified_gmt":"2019-10-22T14:30:51","slug":"combattre-les-idees-recus","status":"publish","type":"page","link":"https:\/\/www.palabressansfrontieres.fr\/web\/combattre-les-idees-recus\/","title":{"rendered":"Combattre les id\u00e9es re\u00e7us."},"content":{"rendered":"<div>\n<h3 style=\"text-align: justify;\"><strong>\u00ab\u00a0C&rsquo;est inconfortable\u00a0\u00bb<\/strong><\/h3>\n<div style=\"text-align: justify;\">Tourisme solidaire et \u00e9quitable n&rsquo;\u00e9quivaut certes pas \u00e0 tourisme de prestige mais il ne faut pas faire de confusions. Toutes les conditions sont r\u00e9unies pour que les voyageurs se sentent \u00e0 l&rsquo;aise pendant toute la dur\u00e9e de leur s\u00e9jour.<\/div>\n<div style=\"text-align: justify;\">Au sein du village de Keur, Samba, Yacine, Ndem, Lompoul et Sanar, les voyageurs logent dans des cases au toit de paille construites sp\u00e9cialement pour eux. Le confort est certes simple mais suffisant dans le cadre de ce type de s\u00e9jour. Dans les 3 villages, des espaces d\u2019accueil (cases) sont r\u00e9serv\u00e9s aux familles : pi\u00e8ce pour les parents, pi\u00e8ce pour les enfants. A Keur, Vacine et Lompoul, les cases sont \u00e9clair\u00e9es \u00e0 l\u2019\u00e9lectricit\u00e9 solaire. L&rsquo;intimit\u00e9 des voyageurs est pr\u00e9serv\u00e9e puisque les cases n&rsquo;offrent que des chambres doubles. Une case est r\u00e9serv\u00e9e pour les familles (couple avec 2 ou 3 enfants). Cette case \u00ab\u00a0familles\u00a0\u00bb est \u00e9quip\u00e9e d&rsquo;un s\u00e9jour, de deux chambres (un lit double et deux voire trois lits simples) avec chacune sa salle de bain (douche et toilettes au seau). Tous les lits sont \u00e9quip\u00e9s de moustiquaires.\u00a0 Un robinet dans la cour permet aux voyageurs de se servir de l&rsquo;eau chaque fois qu&rsquo;ils en ont besoin (lessive, douche au seau, etc.). Il y a au total 4 cabines de douches et 5 toilettes.<\/div>\n<div style=\"text-align: justify;\"><\/div>\n<h3 style=\"text-align: justify;\"><strong>\u00ab\u00a0C&rsquo;est cher\u00a0\u00bb<\/strong><\/h3>\n<div style=\"text-align: justify;\">Tout d\u00e9pend de ce qui est inclus ou non dans votre s\u00e9jour. Ici, il s&rsquo;agit g\u00e9n\u00e9ralement d&rsquo;un s\u00e9jour de <strong>15 jours en pension compl\u00e8te avec des excursions \u00e0 la journ\u00e9e et des activit\u00e9s diverses dans le village et ses alentours<\/strong>. De plus, en d\u00e9cidant d&rsquo;acheter un s\u00e9jour solidaire et \u00e9quitable vous soutenez les projets de d\u00e9veloppement durable dans la destination en question. En effet, en partant avec l&rsquo;association Palabres sans Fronti\u00e8res, vous savez d\u00e9j\u00e0 que <strong>sur le prix total de votre s\u00e9jour<\/strong> \u00e0 Keur Samba Yacine, <strong>49% sont revers\u00e9s directement au village et investis dans des projets d&rsquo;int\u00e9r\u00eat collectif <\/strong>(fonctionnement du poste de sant\u00e9, reboisement, r\u00e9habilitation des \u00e9coles, etc.).<\/div>\n<h3 style=\"text-align: justify;\"><strong>\u00a0<\/strong><\/h3>\n<h3 style=\"text-align: justify;\"><strong>\u00ab\u00a0Ce n&rsquo;est pas pour moi\u00a0\u00bb<\/strong><\/h3>\n<div style=\"text-align: justify;\">Notre s\u00e9jour s&rsquo;adresse \u00e0 pratiquement toutes les tranches d&rsquo;\u00e2ge. Nous conseillons aux parents de partir avec leurs enfants \u00e0 partir de 5 ans. Nous faisons voyager familles avec enfants, retrait\u00e9s, jeunes, groupes, individuels, etc.<\/div>\n<div style=\"text-align: justify;\">Notre s\u00e9jour correspond aux attentes d&rsquo;une grande majorit\u00e9 de voyageurs puisqu&rsquo;il offre un bon moyen de d\u00e9couvrir un pays au plus pr\u00e8s des populations locales tout en se sentant en s\u00e9curit\u00e9. C&rsquo;est un bon compromis pour ceux qui ne souhaitent pas s\u00e9journer en h\u00f4tel club mais qui ne se sentent pas \u00e0 l&rsquo;aise non plus pour partir seuls \u00e0 l&rsquo;aventure !<\/div>\n<\/div>\n","protected":false},"excerpt":{"rendered":"<p>\u00ab\u00a0C&rsquo;est inconfortable\u00a0\u00bb Tourisme solidaire et \u00e9quitable n&rsquo;\u00e9quivaut certes pas \u00e0 tourisme de prestige mais il ne faut pas faire de confusions. Toutes les conditions sont r\u00e9unies pour que les voyageurs se sentent \u00e0 l&rsquo;aise pendant toute la dur\u00e9e de leur&hellip; <\/p>\n","protected":false},"author":1,"featured_media":0,"parent":0,"menu_order":0,"comment_status":"closed","ping_status":"open","template":"","meta":{"footnotes":""},"class_list":["post-18","page","type-page","status-publish","hentry"],"_links":{"self":[{"href":"https:\/\/www.palabressansfrontieres.fr\/web\/wp-json\/wp\/v2\/pages\/18","targetHints":{"allow":["GET"]}}],"collection":[{"href":"https:\/\/www.palabressansfrontieres.fr\/web\/wp-json\/wp\/v2\/pages"}],"about":[{"href":"https:\/\/www.palabressansfrontieres.fr\/web\/wp-json\/wp\/v2\/types\/page"}],"author":[{"embeddable":true,"href":"https:\/\/www.palabressansfrontieres.fr\/web\/wp-json\/wp\/v2\/users\/1"}],"replies":[{"embeddable":true,"href":"https:\/\/www.palabressansfrontieres.fr\/web\/wp-json\/wp\/v2\/comments?post=18"}],"version-history":[{"count":3,"href":"https:\/\/www.palabressansfrontieres.fr\/web\/wp-json\/wp\/v2\/pages\/18\/revisions"}],"predecessor-version":[{"id":675,"href":"https:\/\/www.palabressansfrontieres.fr\/web\/wp-json\/wp\/v2\/pages\/18\/revisions\/675"}],"wp:attachment":[{"href":"https:\/\/www.palabressansfrontieres.fr\/web\/wp-json\/wp\/v2\/media?parent=18"}],"curies":[{"name":"wp","href":"https:\/\/api.w.org\/{rel}","templated":true}]}}