{"id":148,"date":"2014-08-30T01:51:33","date_gmt":"2014-08-30T00:51:33","guid":{"rendered":"http:\/\/palabressansfrontieres.fr\/?page_id=148"},"modified":"2014-10-09T16:13:14","modified_gmt":"2014-10-09T15:13:14","slug":"sejour-jeunes","status":"publish","type":"page","link":"https:\/\/www.palabressansfrontieres.fr\/web\/sejour-jeunes\/","title":{"rendered":"S\u00e9jour jeunes"},"content":{"rendered":"<h2 style=\"text-align: center;\">SEJOUR JEUNES<br \/>\n\u00a0\u00bb Rencontre interculturelle\u00a0\u00bb<\/h2>\n<h2 style=\"text-align: center;\">Ce s\u00e9jour propose une aventure extraordinaire<br \/>\ndans l&rsquo;un de nos 4 villages partenaires (au choix):<br \/>\n<span style=\"color: #993300;\">Keur Samba Yacine, Sanar,<\/span> <span style=\"color: #993300;\">NDem ou<\/span> <span style=\"color: #993300;\">Lompoul<\/span>.<\/h2>\n<h2 style=\"text-align: center;\"><\/h2>\n<h2 style=\"text-align: center;\"><img loading=\"lazy\" decoding=\"async\" src=\"\/images\/stories\/Senegal-Map.jpg\" alt=\"Senegal-Map\" width=\"250\" height=\"219\" \/><\/h2>\n<p>Qu&rsquo;est-ce que c&rsquo;est?<\/p>\n<p><span style=\"color: #000000; font-size: 12pt;\">Ce s\u00e9jour offre \u00e0 des jeunes une occasion unique de <span style=\"color: #993300;\">communiquer<\/span> et d&rsquo;<span style=\"color: #993300;\">\u00e9changer<\/span> avec des jeunes d&rsquo;une autre culture, dans le respect de leurs diff\u00e9rences. <\/span><br \/>\n<span style=\"color: #000000; font-size: 12pt;\">Le s\u00e9jour comprend la participation \u00e0 des <span style=\"color: #993300;\">travaux collectifs<\/span> (reboisement, assainissement, travaux des champs&#8230;), \u00e0 des <span style=\"color: #993300;\">ateliers<\/span> (percussion, danse, tressage, cuisine&#8230;), \u00e0 du <span style=\"color: #993300;\">soutien scolaire<\/span> et des <span style=\"color: #993300;\">jeux avec les enfants du village<\/span>, ainsi qu&rsquo;\u00e0 de <span style=\"color: #993300;\">multiples activit\u00e9s de loisir et excursions<\/span>. Les jeunes peuvent \u00e9galement prendre part \u00e0 un chantier.<\/span><br \/>\n<span style=\"color: #000000; font-size: 12pt;\">Chaque s\u00e9jour est diff\u00e9rent, en fonction de la saison, des \u00e9v\u00e8nements villageois <\/span><br \/>\n<span style=\"color: #000000; font-size: 12pt;\">ou des centres d&rsquo;int\u00e9r\u00eats des jeunes.<\/span><\/p>\n<p style=\"text-align: justify;\"><img loading=\"lazy\" decoding=\"async\" title=\"Jeunes participant \u00e0 un chantier\" src=\"\/images\/stories\/Chantier_jeune.jpg\" alt=\"Chantier_jeune\" width=\"240\" height=\"180\" \/> <img loading=\"lazy\" decoding=\"async\" title=\"Les jeunes partent en rand\" src=\"\/images\/stories\/Les_jeunes_partent_en_rando.jpg\" alt=\"Les_jeunes_partent_en_rando\" width=\"240\" height=\"180\" \/><\/p>\n<h2 style=\"text-align: center;\"><span style=\"color: #86a32e;\">A qui s&rsquo;adresse-t-il?<\/span><\/h2>\n<p><span style=\"color: #e86602;\"><span style=\"font-size: 12pt;\"><span style=\"color: #000000;\">Ce s\u00e9jour est destin\u00e9 aux<\/span> <span style=\"color: #993300;\">18 \u00e0 25 ans<\/span>, <span style=\"color: #993300;\">jeunes, lyc\u00e9ens ou \u00e9tudiants<\/span><span style=\"color: #000000;\">, motiv\u00e9s \u00e0 participer activement \u00e0 la vie d&rsquo;un village s\u00e9n\u00e9galais.<\/span><\/span><\/span><\/p>\n<p><img loading=\"lazy\" decoding=\"async\" title=\"Le partage\" src=\"\/images\/stories\/sejour_jeunes.jpg\" alt=\"sejour_jeunes\" width=\"300\" height=\"225\" \/><\/p>\n<h2><\/h2>\n<h2 style=\"text-align: center;\"><span style=\"color: #86a32e;\"><br \/>\nLe programme<\/span><\/h2>\n<h2 style=\"text-align: center;\"><span style=\"font-size: 12pt;\"><span style=\"color: #86a32e;\"><span style=\"color: #000000;\">Ces programmes sont donn\u00e9s \u00e0 titre indicatif, ils peuvent donc \u00eatre modifi\u00e9s, et bien entendu, adapt\u00e9s aux envies et attentes de nos jeunes!<\/span><\/span><\/span><\/h2>\n<p><span style=\"font-size: 12pt;\"><span style=\"color: #86a32e;\"><span style=\"color: #000000;\">\u00a0<\/span><\/span><\/span><\/p>\n<p style=\"text-align: center;\"><span style=\"font-size: 12pt;\"><strong><span style=\"color: #e86602;\">S\u00e9jours de 9 jours \u00ab\u00a0BALADE DES NYADES\u00a0\u00bb<\/span><\/strong><\/span><\/p>\n<p><span style=\"font-size: 12pt;\"><b>Jour 1<\/b>: Arriv\u00e9e \u00e0 Dkr, transfert \u00e0 KSY distant de 90 kms par minibus Accueil par le comit\u00e9, s\u00e9ance de Sabar, percussion s\u00e9n\u00e9galaise, (en fonction de l\u2019heure d\u2019arriv\u00e9e), installation, diner puis nuit au site d\u2019accueil.<\/span><\/p>\n<p>&nbsp;<\/p>\n<p style=\"text-align: justify;\"><span style=\"font-size: 12pt;\"><b>Jour 2<\/b>: Apr\u00e8s le petit d\u00e9jeuner, pr\u00e9sentation du comit\u00e9 de gestion. Visite en groupe des infrastructures du village : poste de sant\u00e9, \u00e9cole \u00e9l\u00e9mentaire, atelier artisanal des femmes,\u2026.<\/span><\/p>\n<p><span style=\"font-size: 12pt;\">Pr\u00e9sentation des voyageurs aux familles d\u2019accueil. D\u00e9jeuner de midi en famille : jeux collectifs dans l\u2019apr\u00e8s midi avec les Jeunes de l\u2019association du village : match de foot des filles S\u00e9n\u00e9gal contre France ou lutte traditionnelle <\/span><\/p>\n<p>&nbsp;<\/p>\n<p style=\"text-align: justify;\"><span style=\"font-size: 12pt;\"><b>Jour 3<\/b>: Petit d\u00e9jeuner au site d\u2019accueil puis randonn\u00e9e \u00e0 travers la foret de baobabs , vers la plage de MBoro , village de p\u00eacheurs . Repas au restaurant g\u00e9r\u00e9 par l\u2019association des jeunes, puis baignade surveill\u00e9e \u00e0 la plage. Retour dans l\u2019apr\u00e8s midi ; diner puis soir\u00e9e musicale <\/span><\/p>\n<p style=\"text-align: justify;\"><span style=\"font-size: 12pt;\"><b>Jour 4<\/b>: Apres le petit d\u00e9jeuner, d\u00e9couverte des travaux des champs de manioc, arachide, mil, mais en compagnie des familles d\u2019accueil, aide aux taches, Apres le repas de midi, adieux, puis d\u00e9part l\u2019apr\u00e8s midi en camion 4&#215;4 par la plage pour Lompoul Arriv\u00e9e \u00e0 Lompoul en fin d\u2019apr\u00e8s midi, diner puis installation pour la nuit. <\/span><\/p>\n<p style=\"text-align: justify;\"><span style=\"font-size: 12pt;\"><b>Jour 5: <\/b>matin\u00e9e Apres le petit d\u00e9jeuner, randonn\u00e9e au petit d\u00e9sert de Lompoul, balades en dromadaires, the \u00e0 la menthe dans des tentes nomades.<\/span><span style=\"font-size: 12pt;\">Retour \u00e0 12h pour le repas. Apres midi, baignade \u00e0 la plage de Lompoul et visite des installations de p\u00e8che artisanale (pirogues, filets\u2026), discussions avec les p\u00eacheurs En soir\u00e9e, apr\u00e8s le diner, animation par des musiciens s\u00e9n\u00e9galais (djembe, Kora, balafon\u2026.)<\/span><\/p>\n<p style=\"text-align: justify;\"><span style=\"font-size: 12pt;\"><b>Jour 6: <\/b>matin\u00e9e \u2013 Apres le petit d\u00e9jeuner, visite du village de Lompoul, avec les associations de d\u00e9veloppement local : \u00e9cole \u00e9l\u00e9mentaire, case de sante, discussions repas de midi, d\u00e9part dans l\u2019apr\u00e8s midi pour St-Louis, diner au restaurant puis installation pour la nuit dans une auberge (1dortoir et 3chambres) <\/span><\/p>\n<p style=\"text-align: justify;\"><span style=\"font-size: 12pt;\"><b>Jour 7:<\/b> Apres le petit d\u00e9jeuner, travers\u00e9e \u00e0 pied du pont Faidherbe , visite de la ville de St-Louis : tour de l\u2019ile \u00e0 pied, commente ,maisons de style architectural de la colonisation, escale dans les jardins du Gouverneur, dur\u00e9e 2h ,Repas de midi au restaurant la saint louisienne , apr\u00e8s midi d\u00e9part pour visiter le parc de la langue de barbarie, l\u2019embouchure (ou le fleuve se jette dans la mer)baignade et observation du parc des oiseaux : p\u00e9licans et h\u00e9rons\u2026Vers 17 h , d\u00e9part pour Lompoul , diner et nuit <\/span><\/p>\n<p style=\"text-align: justify;\"><span style=\"font-size: 12pt;\"><b>Jour 8: <\/b>Apres le petit d\u00e9jeuner, balade en charrette \u00e0 cheval dans les Niayes, visite de petits villages des environs Retour \u00e0 midi, repas, apr\u00e8s midi plage Apres le diner, s\u00e9ance de Sabar, percussion s\u00e9n\u00e9galaise par les griots, danse et chants d\u2019adieux dans le jardin <\/span><\/p>\n<p style=\"text-align: justify;\"><span style=\"font-size: 12pt;\"><b>Jour 9: <\/b>Adieux puis d\u00e9part pour l\u2019a\u00e9roport de Dakar, et retour en France <\/span><\/p>\n<p style=\"text-align: center;\"><span style=\"font-size: 12pt;\"><strong style=\"text-align: center;\"><span style=\"color: #e86602;\">S\u00e9jours de 15 jours<\/span><\/strong><\/span><\/p>\n<p style=\"margin-left: 36pt; text-indent: -18pt;\"><span style=\"font-size: 12pt;\">&#8211;<strong>Jour 1<\/strong> : accueil \u00e0 l\u2019a\u00e9roport de Dakar puis transfert du groupe sur KSY<\/span><\/p>\n<p style=\"margin-left: 36pt; text-indent: -18pt;\"><span style=\"font-size: 12pt;\">&#8211;<strong>Jour 2<\/strong> : accueil de la communaut\u00e9 villageoise :tam tam de bienvenue et discours; r\u00e9union avec les assos du village pour la mise en place du planning de s\u00e9jour<\/span><\/p>\n<p style=\"margin-left: 36pt; text-indent: -18pt;\"><span style=\"font-size: 12pt;\">&#8211;<strong>Jour 3<\/strong> : matin au chantier apr\u00e8s midi activit\u00e9s<\/span><\/p>\n<p style=\"margin-left: 36pt; text-indent: -18pt;\"><span style=\"font-size: 12pt;\">&#8211;<strong>Jour 4<\/strong> : matin au chantier apr\u00e8s midi activit\u00e9s R\u00e9union du groupe pour un bilan<\/span><\/p>\n<p style=\"margin-left: 36pt; text-indent: -18pt;\"><span style=\"font-size: 12pt;\">&#8211;<strong>Jour 5<\/strong> :Visite \u00e0 la journ\u00e9e : \u00eele de Gor\u00e9e ou plage de Mboro<\/span><\/p>\n<p style=\"margin-left: 36pt; text-indent: -18pt;\"><span style=\"font-size: 12pt;\">&#8211;<strong>Jour 6<\/strong> : matin au chantier apr\u00e8s midi activit\u00e9s<\/span><\/p>\n<p style=\"margin-left: 36pt; text-indent: -18pt;\"><span style=\"font-size: 12pt;\">&#8211;<strong>Jour 7<\/strong> : matin au chantier apr\u00e8s midi activit\u00e9s<\/span><\/p>\n<p style=\"margin-left: 36pt; text-indent: -18pt;\"><span style=\"font-size: 12pt;\">&#8211;<strong>Jour 8<\/strong> : Sortie \u00e0 Thi\u00e8s :visite du mus\u00e9e de l\u2019histoire du S\u00e9n\u00e9gal et \/ ou manufacture de tapisserie ;visite du village artisanal (achat de souvenirs) balade en cal\u00e8che ; repas au restaurant .<\/span><\/p>\n<p style=\"margin-left: 36pt; text-indent: -18pt;\"><span style=\"font-size: 12pt;\">&#8211;<strong>Jour 9<\/strong> : matin au chantier apr\u00e8s midi activit\u00e9s R\u00e9union du groupe pour un bilan mi-s\u00e9jour.<\/span><\/p>\n<p style=\"margin-left: 36pt; text-indent: -18pt;\"><span style=\"font-size: 12pt;\">&#8211;<strong>Jour 10<\/strong> : matin au chantier apr\u00e8s midi :s\u00e9ance de jeux traditionnels et tamtam<\/span><\/p>\n<p style=\"margin-left: 36pt; text-indent: -18pt;\"><span style=\"font-size: 12pt;\">&#8211;<strong>Jour 11<\/strong> : matin au chantier apr\u00e8s midi activit\u00e9s<\/span><\/p>\n<p style=\"margin-left: 36pt; text-indent: -18pt;\"><span style=\"font-size: 12pt;\">&#8211;<strong>Jour 12<\/strong> : Randonn\u00e9e \u00e0 pied pour aller visiter le marche hebdomadaire de Notto(\u00e0 10 kms) pique nique au bord de la mer , balades et jeux.<\/span><\/p>\n<p style=\"margin-left: 36pt; text-indent: -18pt;\"><span style=\"font-size: 12pt;\">&#8211;<strong>Jour 13<\/strong> : matin au chantier apr\u00e8s midi activit\u00e9s<\/span><\/p>\n<p style=\"margin-left: 36pt; text-indent: -18pt;\"><span style=\"font-size: 12pt;\">&#8211;<strong>Jour 14<\/strong> : matin libre apr\u00e8s midi r\u00e9union d\u2019au revoir avec les Villageois<\/span><\/p>\n<p style=\"margin-left: 36pt; text-indent: -18pt;\">&#8211;<strong>Jour 15<\/strong> : D\u00e9part de KSY Transfert sur l\u2019a\u00e9roport de Dakar<\/p>\n<p style=\"text-align: justify;\"><span style=\"font-size: 12pt;\"><strong style=\"text-align: center;\"><span style=\"color: #e86602;\">\u00a0<\/span><\/strong><\/span><\/p>\n<p><span style=\"font-size: 12pt;\"><span style=\"color: #86a32e;\"><span style=\"color: #000000;\">\u00a0<\/span><\/span><\/span><\/p>\n","protected":false},"excerpt":{"rendered":"<p>SEJOUR JEUNES \u00a0\u00bb Rencontre interculturelle\u00a0\u00bb Ce s\u00e9jour propose une aventure extraordinaire dans l&rsquo;un de nos 4 villages partenaires (au choix): Keur Samba Yacine, Sanar, NDem ou Lompoul. Qu&rsquo;est-ce que c&rsquo;est? Ce s\u00e9jour offre \u00e0 des jeunes une occasion unique de&hellip; <\/p>\n","protected":false},"author":1,"featured_media":0,"parent":0,"menu_order":0,"comment_status":"closed","ping_status":"open","template":"","meta":{"footnotes":""},"class_list":["post-148","page","type-page","status-publish","hentry"],"_links":{"self":[{"href":"https:\/\/www.palabressansfrontieres.fr\/web\/wp-json\/wp\/v2\/pages\/148","targetHints":{"allow":["GET"]}}],"collection":[{"href":"https:\/\/www.palabressansfrontieres.fr\/web\/wp-json\/wp\/v2\/pages"}],"about":[{"href":"https:\/\/www.palabressansfrontieres.fr\/web\/wp-json\/wp\/v2\/types\/page"}],"author":[{"embeddable":true,"href":"https:\/\/www.palabressansfrontieres.fr\/web\/wp-json\/wp\/v2\/users\/1"}],"replies":[{"embeddable":true,"href":"https:\/\/www.palabressansfrontieres.fr\/web\/wp-json\/wp\/v2\/comments?post=148"}],"version-history":[{"count":2,"href":"https:\/\/www.palabressansfrontieres.fr\/web\/wp-json\/wp\/v2\/pages\/148\/revisions"}],"predecessor-version":[{"id":263,"href":"https:\/\/www.palabressansfrontieres.fr\/web\/wp-json\/wp\/v2\/pages\/148\/revisions\/263"}],"wp:attachment":[{"href":"https:\/\/www.palabressansfrontieres.fr\/web\/wp-json\/wp\/v2\/media?parent=148"}],"curies":[{"name":"wp","href":"https:\/\/api.w.org\/{rel}","templated":true}]}}