{"id":132,"date":"2014-08-30T01:31:18","date_gmt":"2014-08-30T00:31:18","guid":{"rendered":"http:\/\/palabressansfrontieres.fr\/?page_id=132"},"modified":"2019-01-22T15:23:07","modified_gmt":"2019-01-22T14:23:07","slug":"mentions-legales","status":"publish","type":"page","link":"https:\/\/www.palabressansfrontieres.fr\/web\/mentions-legales\/","title":{"rendered":"Mentions l\u00e9gales"},"content":{"rendered":"<div class=\"art-article\">\n<p style=\"text-align: left;\" align=\"justify\"><strong>\u00c9diteur : <\/strong><br \/>\nLes sites www.palabressansfrontieres.com, www.palabressansfrontieres.fr,\u00a0 sont \u00e9dit\u00e9s par l&rsquo;association<\/p>\n<p align=\"justify\">Palabres Sans fronti\u00e8res<br \/>\n34 rue de l&rsquo;anse rouge<\/p>\n<p align=\"justify\">97220 Trinite en Martinique<\/p>\n<p align=\"justify\"><strong>Responsable de publication : <\/strong><br \/>\nSamba GAYE, Pr\u00e9sident de l&rsquo;association.<\/p>\n<p align=\"justify\"><strong>H\u00e9bergement du site : <\/strong><br \/>\nL&rsquo;h\u00e9bergement de ce site est assur\u00e9 par\u00a0Webconcept09 , Labastisse 09700 SAVERDUN<\/p>\n<p align=\"justify\"><a href=\"http:\/\/www.webconcept09.com\" target=\"_blank\" rel=\"noopener\">www.webconcept09.com<\/a><\/p>\n<p align=\"justify\">Contact : Fr\u00e9d\u00e9ric FAURE<\/p>\n<p align=\"justify\">Webconcept09@gmail.com<\/p>\n<p align=\"justify\">05.61.60.31.53<\/p>\n<p align=\"justify\">Les serveurs sont fournis par la soci\u00e9t\u00e9 ONLINE SAS, BP438, 75336 PARIS cedex 08<\/p>\n<\/div>\n","protected":false},"excerpt":{"rendered":"<p>\u00c9diteur : Les sites www.palabressansfrontieres.com, www.palabressansfrontieres.fr,\u00a0 sont \u00e9dit\u00e9s par l&rsquo;association Palabres Sans fronti\u00e8res 34 rue de l&rsquo;anse rouge 97220 Trinite en Martinique Responsable de publication : Samba GAYE, Pr\u00e9sident de l&rsquo;association. H\u00e9bergement du site : L&rsquo;h\u00e9bergement de ce site est&hellip; <\/p>\n","protected":false},"author":1,"featured_media":0,"parent":0,"menu_order":0,"comment_status":"closed","ping_status":"open","template":"","meta":{"footnotes":""},"class_list":["post-132","page","type-page","status-publish","hentry"],"_links":{"self":[{"href":"https:\/\/www.palabressansfrontieres.fr\/web\/wp-json\/wp\/v2\/pages\/132","targetHints":{"allow":["GET"]}}],"collection":[{"href":"https:\/\/www.palabressansfrontieres.fr\/web\/wp-json\/wp\/v2\/pages"}],"about":[{"href":"https:\/\/www.palabressansfrontieres.fr\/web\/wp-json\/wp\/v2\/types\/page"}],"author":[{"embeddable":true,"href":"https:\/\/www.palabressansfrontieres.fr\/web\/wp-json\/wp\/v2\/users\/1"}],"replies":[{"embeddable":true,"href":"https:\/\/www.palabressansfrontieres.fr\/web\/wp-json\/wp\/v2\/comments?post=132"}],"version-history":[{"count":6,"href":"https:\/\/www.palabressansfrontieres.fr\/web\/wp-json\/wp\/v2\/pages\/132\/revisions"}],"predecessor-version":[{"id":666,"href":"https:\/\/www.palabressansfrontieres.fr\/web\/wp-json\/wp\/v2\/pages\/132\/revisions\/666"}],"wp:attachment":[{"href":"https:\/\/www.palabressansfrontieres.fr\/web\/wp-json\/wp\/v2\/media?parent=132"}],"curies":[{"name":"wp","href":"https:\/\/api.w.org\/{rel}","templated":true}]}}