{"id":130,"date":"2014-08-30T01:29:50","date_gmt":"2014-08-30T00:29:50","guid":{"rendered":"http:\/\/palabressansfrontieres.fr\/?page_id=130"},"modified":"2017-02-27T22:36:00","modified_gmt":"2017-02-27T21:36:00","slug":"espace-presse","status":"publish","type":"page","link":"https:\/\/www.palabressansfrontieres.fr\/web\/espace-presse\/","title":{"rendered":"Espace presse"},"content":{"rendered":"<p><em>Voici les diff\u00e9rents articles publi\u00e9s au sujet de Palabres Sans Fronti\u00e8res<\/em><\/p>\n<table style=\"height: 1241px; width: 603px;\">\n<thead>\n<tr>\n<td style=\"width: 72.3667px;\">Date<\/td>\n<td style=\"width: 331.633px;\">Titre<\/td>\n<td style=\"width: 114px;\">Journal<\/td>\n<\/tr>\n<\/thead>\n<tbody>\n<tr>\n<td style=\"width: 72.3667px;\">04\/2003<\/td>\n<td style=\"width: 331.633px;\"><a href=\"\/Revuedepresse\/Revue%20de%20presse%20Palabres002.pdf\" target=\"_blank\">Pour un voyage solidaire<\/a><\/td>\n<td style=\"width: 114px;\">La D\u00e9p\u00eache du Midi<\/td>\n<\/tr>\n<tr>\n<td style=\"width: 72.3667px;\">10\/2003<\/td>\n<td style=\"width: 331.633px;\"><a href=\"\/Revuedepresse\/Revue%20de%20presse%20Palabres001.pdf\" target=\"_blank\">Des voyageurs peu ordinaires<\/a><\/td>\n<td style=\"width: 114px;\">La D\u00e9p\u00eache du Midi<\/td>\n<\/tr>\n<tr>\n<td style=\"width: 72.3667px;\">11\/2003<\/td>\n<td style=\"width: 331.633px;\"><a href=\"\/Revuedepresse\/Revue%20de%20presse%20Palabres009.pdf\" target=\"_blank\">Keur Samba Yacine va bient\u00f4t recevoir son poste de sant\u00e9<\/a><\/td>\n<td style=\"width: 114px;\">Le Soleil S\u00e9n\u00e9gal<\/td>\n<\/tr>\n<tr>\n<td style=\"width: 72.3667px;\">04\/2005<\/td>\n<td style=\"width: 331.633px;\"><a href=\"\/Revuedepresse\/Revue%20de%20presse%20Palabres014.pdf\" target=\"_blank\">Pr\u00eats \u00e0 partir pour l&rsquo;Afrique<\/a><\/td>\n<td style=\"width: 114px;\">La D\u00e9p\u00eache du Midi<\/td>\n<\/tr>\n<tr>\n<td style=\"width: 72.3667px;\">06\/2005<\/td>\n<td style=\"width: 331.633px;\"><a href=\"\/Revuedepresse\/Revue%20de%20presse%20Palabres011.pdf\" target=\"_blank\">Tourisme solidaire : une autre fa\u00e7on de voyager<\/a><\/td>\n<td style=\"width: 114px;\">La voix du Midi<\/td>\n<\/tr>\n<tr>\n<td style=\"width: 72.3667px;\">03\/2006<\/td>\n<td style=\"width: 331.633px;\"><a href=\"\/Revuedepresse\/Revue%20de%20presse%20Palabres003.pdf\" target=\"_blank\">Palabres \u00e0 l&rsquo;\u00e9cole<\/a><\/td>\n<td style=\"width: 114px;\">La D\u00e9p\u00eache du Midi<\/td>\n<\/tr>\n<tr>\n<td style=\"width: 72.3667px;\">04\/2006<\/td>\n<td style=\"width: 331.633px;\"><a href=\"\/Revuedepresse\/Revue%20de%20presse%20Palabres006.pdf\" target=\"_blank\">C\u00e0 vous dit des vacances solidaires ?<\/a><\/td>\n<td style=\"width: 114px;\">La voix du Midi<\/td>\n<\/tr>\n<tr>\n<td style=\"width: 72.3667px;\">10\/2006<\/td>\n<td style=\"width: 331.633px;\"><a href=\"\/Revuedepresse\/Revue%20de%20presse%20Palabres008.pdf\" target=\"_blank\">Poste de sant\u00e9 de Keur Samba Yacine\u2026<\/a><\/td>\n<td style=\"width: 114px;\">Le Soleil S\u00e9n\u00e9gal<\/td>\n<\/tr>\n<tr>\n<td style=\"width: 72.3667px;\">03\/2007<\/td>\n<td style=\"width: 331.633px;\"><a href=\"\/Revuedepresse\/Revue%20de%20presse%20Palabres005.pdf\" target=\"_blank\">Voyager autrement\u2026<\/a><\/td>\n<td style=\"width: 114px;\">Voix du Lauragais<\/td>\n<\/tr>\n<tr>\n<td style=\"width: 72.3667px;\">03\/2007<\/td>\n<td style=\"width: 331.633px;\"><a href=\"\/Revuedepresse\/Revue%20de%20presse%20Palabres013.pdf\" target=\"_blank\">Pr\u00e9paration au voyage solidaire<\/a><\/td>\n<td style=\"width: 114px;\">La D\u00e9p\u00eache du Midi<\/td>\n<\/tr>\n<tr>\n<td style=\"width: 72.3667px;\">03\/2008<\/td>\n<td style=\"width: 331.633px;\"><a href=\"\/Revuedepresse\/Revue%20de%20presse%20Palabres007.pdf\" target=\"_blank\">Une d\u00e9l\u00e9gation fran\u00e7aise attendue \u00e0 Keur Samba Yacine<\/a><\/td>\n<td style=\"width: 114px;\">Le Soleil S\u00e9n\u00e9gal<\/td>\n<\/tr>\n<tr>\n<td style=\"width: 72.3667px;\">04\/2008<\/td>\n<td style=\"width: 331.633px;\"><a href=\"\/Revuedepresse\/Revue%20de%20presse%20Palabres004.pdf\" target=\"_blank\">La richesse culturelle, le but supr\u00eame<\/a><\/td>\n<td style=\"width: 114px;\">La voix du Midi<\/td>\n<\/tr>\n<tr>\n<td style=\"width: 72.3667px;\">04\/2008<\/td>\n<td style=\"width: 331.633px;\"><a href=\"\/Revuedepresse\/Revue%20de%20presse%20Palabres012.pdf\" target=\"_blank\">La solidarit\u00e9 part en vacances<\/a><\/td>\n<td style=\"width: 114px;\">20 minutes<\/td>\n<\/tr>\n<tr>\n<td style=\"width: 72.3667px;\">02\/2010<\/td>\n<td style=\"width: 331.633px;\"><a href=\"http:\/\/www.gazette-ariegeoise.fr\/2470_L-ADESPAH-et-Palabres-sans-frontieres-la-solidarite-en-sante-ici-et-la-bas.html\" target=\"_blank\">L\u2019ADESPAH et Palabres sans fronti\u00e8res <\/a><\/td>\n<td style=\"width: 114px;\">La gazette ari\u00e9goise<\/td>\n<\/tr>\n<tr>\n<td style=\"width: 72.3667px;\">11\/2011<\/td>\n<td style=\"width: 331.633px;\"><a href=\"http:\/\/www.ladepeche.fr\/article\/2011\/11\/18\/1218566-calmont-une-randonnee-dominicale-pour-le-senegal.html\" target=\"_blank\">Une Randonn\u00e9e avec Palabres&#8230;<\/a><\/td>\n<td style=\"width: 114px;\">La D\u00e9p\u00eache du Midi<\/td>\n<\/tr>\n<tr>\n<td style=\"width: 72.3667px;\">05\/2011<\/td>\n<td style=\"width: 331.633px;\"><a href=\"http:\/\/www.ladepeche.fr\/article\/2011\/05\/08\/1076764-cologne-les-eleves-rentrent-du-senegal.html\" target=\"_blank\">S\u00e9jours scolaires solidaires&#8230;<\/a><\/td>\n<td style=\"width: 114px;\">La D\u00e9p\u00eache du Midi<\/td>\n<\/tr>\n<tr>\n<td style=\"width: 72.3667px;\">03\/2011<\/td>\n<td style=\"width: 331.633px;\"><a href=\"http:\/\/www.ladepeche.fr\/article\/2011\/03\/20\/1039186-calmont-la-solidarite-durable-selon-palabres-sans-frontieres.html\" target=\"_blank\">La solidarit\u00e9 selon Palabres!<\/a><\/td>\n<td style=\"width: 114px;\">La D\u00e9p\u00eache du Midi<\/td>\n<\/tr>\n<tr>\n<td style=\"width: 72.3667px;\">03\/2012<\/td>\n<td style=\"width: 331.633px;\"><a href=\"http:\/\/www.onisep.fr\/Mes-infos-regionales\/Midi-Pyrenees\/Publications\/Lettre-d-information-regionale\/Lettre-d-information-n-22\/Projet-de-solidarite-internationale-au-Senegal-lycee-Bayard-Toulouse\" target=\"_blank\">Les projets scoliares et Palabres<\/a><\/td>\n<td style=\"width: 114px;\">ONISEP<\/td>\n<\/tr>\n<tr>\n<td style=\"width: 72.3667px;\">03\/2012<\/td>\n<td style=\"width: 331.633px;\"><a href=\"http:\/\/www.ladepeche.fr\/article\/2012\/03\/28\/1317320-calmont-voyages-solidaires-avec-palabres.html\" target=\"_blank\">S\u00e9jours \u00ab\u00a0jeunes\u00a0\u00bb<\/a><\/td>\n<td style=\"width: 114px;\">La D\u00e9p\u00eache<\/td>\n<\/tr>\n<tr>\n<td style=\"width: 72.3667px;\">06\/2012<\/td>\n<td style=\"width: 331.633px;\"><a href=\"http:\/\/www.adepes.org\/spip.php?page=article&amp;id_article=1164\" target=\"_blank\">Le tourisme solidaire avec Palabres&#8230;<\/a><\/td>\n<td style=\"width: 114px;\">ADEPES<\/td>\n<\/tr>\n<tr>\n<td style=\"width: 72.3667px;\">01\/2013<\/td>\n<td style=\"width: 331.633px;\"><a href=\"http:\/\/www.ladepeche.fr\/article\/2013\/01\/08\/1530704-calmont-tous-pour-l-afrique.html\" target=\"_blank\">Tous pour l&rsquo;Afrique<\/a><\/td>\n<td style=\"width: 114px;\">La D\u00e9p\u00eache du Midi<\/td>\n<\/tr>\n<\/tbody>\n<\/table>\n","protected":false},"excerpt":{"rendered":"<p>Voici les diff\u00e9rents articles publi\u00e9s au sujet de Palabres Sans Fronti\u00e8res Date Titre Journal 04\/2003 Pour un voyage solidaire La D\u00e9p\u00eache du Midi 10\/2003 Des voyageurs peu ordinaires La D\u00e9p\u00eache du Midi 11\/2003 Keur Samba Yacine va bient\u00f4t recevoir son&hellip; <\/p>\n","protected":false},"author":1,"featured_media":0,"parent":0,"menu_order":0,"comment_status":"closed","ping_status":"open","template":"","meta":{"footnotes":""},"class_list":["post-130","page","type-page","status-publish","hentry"],"_links":{"self":[{"href":"https:\/\/www.palabressansfrontieres.fr\/web\/wp-json\/wp\/v2\/pages\/130","targetHints":{"allow":["GET"]}}],"collection":[{"href":"https:\/\/www.palabressansfrontieres.fr\/web\/wp-json\/wp\/v2\/pages"}],"about":[{"href":"https:\/\/www.palabressansfrontieres.fr\/web\/wp-json\/wp\/v2\/types\/page"}],"author":[{"embeddable":true,"href":"https:\/\/www.palabressansfrontieres.fr\/web\/wp-json\/wp\/v2\/users\/1"}],"replies":[{"embeddable":true,"href":"https:\/\/www.palabressansfrontieres.fr\/web\/wp-json\/wp\/v2\/comments?post=130"}],"version-history":[{"count":11,"href":"https:\/\/www.palabressansfrontieres.fr\/web\/wp-json\/wp\/v2\/pages\/130\/revisions"}],"predecessor-version":[{"id":580,"href":"https:\/\/www.palabressansfrontieres.fr\/web\/wp-json\/wp\/v2\/pages\/130\/revisions\/580"}],"wp:attachment":[{"href":"https:\/\/www.palabressansfrontieres.fr\/web\/wp-json\/wp\/v2\/media?parent=130"}],"curies":[{"name":"wp","href":"https:\/\/api.w.org\/{rel}","templated":true}]}}