{"id":111,"date":"2014-08-30T01:08:36","date_gmt":"2014-08-30T00:08:36","guid":{"rendered":"http:\/\/palabressansfrontieres.fr\/?page_id=111"},"modified":"2025-03-27T09:41:36","modified_gmt":"2025-03-27T08:41:36","slug":"prochains-evenements","status":"publish","type":"page","link":"https:\/\/www.palabressansfrontieres.fr\/web\/prochains-evenements\/","title":{"rendered":"Prochains \u00e9v\u00e9nements"},"content":{"rendered":"<h1><strong>Association Palabres sans Fronti\u00e8res<\/strong><\/h1>\n<p>1 rue des \u00e9rables<br \/>\n31780 Castelginest<\/p>\n<p><strong>T\u00e9l\u00a0: S\u00e9n\u00e9gal (possibilit\u00e9 d\u2019utiliser watsapp) :<br \/>\nSamba : 00221 178 187 58 06<br \/>\nV\u00e9ronique : 00 221 77 219 42 89<br \/>\n<\/strong><\/p>\n<p><span style=\"font-size: 16pt; color: blue; line-height: 115%;\">Dates des prochains s\u00e9jours <strong>2025\u00a0 et 2026<\/strong><\/span><\/p>\n<p><strong>Calendrier des dates de s\u00e9jours solidaires<\/strong><\/p>\n<p><span style=\"text-decoration: underline;\"><strong>Pour les dates de s\u00e9jour, pri\u00e8re de t\u00e9l\u00e9phoner\u00a0<\/strong> <\/span><\/p>\n<p><strong>SEJOURS EQUITABLES ET SOLIDAIRES\u00a0 \u00a0AU SENEGAL<br \/>\n<\/strong><\/p>\n<p>Nous consulter.<\/p>\n<p><strong>Journ\u00e9e de pr\u00e9paration au s\u00e9jour\u00a0: <\/strong><strong>\u00a0<\/strong>vivement conseill\u00e9e<\/p>\n<p><strong>Tarif adulte pour 10 jours\u00a0<\/strong><strong>: <\/strong><strong>790 \u20ac s\u00e9jour tout compris (h\u00e9bergement, nourriture , transport )<br \/>\nl&rsquo;achat des billets d&rsquo;avion sont \u00e0 la charge des\u00a0candidats au s\u00e9jour<br \/>\n<\/strong><\/p>\n<p>&nbsp;<\/p>\n<p><a href=\"http:\/\/palabressansfrontieres.fr\/wp-content\/uploads\/2014\/08\/palabres1.jpg\"><img loading=\"lazy\" decoding=\"async\" class=\"aligncenter size-full wp-image-278\" src=\"http:\/\/palabressansfrontieres.fr\/wp-content\/uploads\/2014\/08\/palabres1.jpg\" alt=\"palabres1\" width=\"678\" height=\"789\" srcset=\"https:\/\/www.palabressansfrontieres.fr\/wp-content\/uploads\/2014\/08\/palabres1.jpg 678w, https:\/\/www.palabressansfrontieres.fr\/wp-content\/uploads\/2014\/08\/palabres1-257x300.jpg 257w\" sizes=\"auto, (max-width: 678px) 100vw, 678px\" \/><\/a><a href=\"https:\/\/www.palabressansfrontieres.fr\/web\/et-si-vous-voyagiez-autrement\/plabres2504222\/\" rel=\"attachment wp-att-729\"><img loading=\"lazy\" decoding=\"async\" class=\"aligncenter size-full wp-image-729\" src=\"https:\/\/www.palabressansfrontieres.fr\/wp-content\/uploads\/2022\/04\/plabres2504222.jpg\" alt=\"\" width=\"677\" height=\"962\" srcset=\"https:\/\/www.palabressansfrontieres.fr\/wp-content\/uploads\/2022\/04\/plabres2504222.jpg 677w, https:\/\/www.palabressansfrontieres.fr\/wp-content\/uploads\/2022\/04\/plabres2504222-211x300.jpg 211w\" sizes=\"auto, (max-width: 677px) 100vw, 677px\" \/><\/a><\/p>\n","protected":false},"excerpt":{"rendered":"<p>Association Palabres sans Fronti\u00e8res 1 rue des \u00e9rables 31780 Castelginest T\u00e9l\u00a0: S\u00e9n\u00e9gal (possibilit\u00e9 d\u2019utiliser watsapp) : Samba : 00221 178 187 58 06 V\u00e9ronique : 00 221 77 219 42 89 Dates des prochains s\u00e9jours 2025\u00a0 et 2026 Calendrier des&hellip; <\/p>\n","protected":false},"author":1,"featured_media":0,"parent":0,"menu_order":0,"comment_status":"closed","ping_status":"closed","template":"","meta":{"footnotes":""},"class_list":["post-111","page","type-page","status-publish","hentry"],"_links":{"self":[{"href":"https:\/\/www.palabressansfrontieres.fr\/web\/wp-json\/wp\/v2\/pages\/111","targetHints":{"allow":["GET"]}}],"collection":[{"href":"https:\/\/www.palabressansfrontieres.fr\/web\/wp-json\/wp\/v2\/pages"}],"about":[{"href":"https:\/\/www.palabressansfrontieres.fr\/web\/wp-json\/wp\/v2\/types\/page"}],"author":[{"embeddable":true,"href":"https:\/\/www.palabressansfrontieres.fr\/web\/wp-json\/wp\/v2\/users\/1"}],"replies":[{"embeddable":true,"href":"https:\/\/www.palabressansfrontieres.fr\/web\/wp-json\/wp\/v2\/comments?post=111"}],"version-history":[{"count":16,"href":"https:\/\/www.palabressansfrontieres.fr\/web\/wp-json\/wp\/v2\/pages\/111\/revisions"}],"predecessor-version":[{"id":746,"href":"https:\/\/www.palabressansfrontieres.fr\/web\/wp-json\/wp\/v2\/pages\/111\/revisions\/746"}],"wp:attachment":[{"href":"https:\/\/www.palabressansfrontieres.fr\/web\/wp-json\/wp\/v2\/media?parent=111"}],"curies":[{"name":"wp","href":"https:\/\/api.w.org\/{rel}","templated":true}]}}