{"id":103,"date":"2014-08-30T00:56:24","date_gmt":"2014-08-29T23:56:24","guid":{"rendered":"http:\/\/palabressansfrontieres.fr\/?page_id=103"},"modified":"2014-10-27T17:35:03","modified_gmt":"2014-10-27T16:35:03","slug":"documents-a-telecharger","status":"publish","type":"page","link":"https:\/\/www.palabressansfrontieres.fr\/web\/documents-a-telecharger\/","title":{"rendered":"Documents \u00e0 t\u00e9l\u00e9charger"},"content":{"rendered":"<p>A t\u00e9l\u00e9charger (format pdf) :<\/p>\n<p>&#8211; <a href=\"\/pdf\/BulletinInscription.pdf\" target=\"_blank\">Formulaire d&rsquo;inscription<\/a><\/p>\n<p>&#8211; <a href=\"\/pdf\/Conditions Generales de Vente PASF.pdf\" target=\"_blank\">Conditions g\u00e9n\u00e9rales de ventes<\/a><\/p>\n<p>&#8211; <a href=\"\/pdf\/Charte PSF.pdf\" target=\"_blank\">Charte du tourisme solidaire<\/a><\/p>\n","protected":false},"excerpt":{"rendered":"<p>A t\u00e9l\u00e9charger (format pdf) : &#8211; Formulaire d&rsquo;inscription &#8211; Conditions g\u00e9n\u00e9rales de ventes &#8211; Charte du tourisme solidaire<\/p>\n","protected":false},"author":1,"featured_media":0,"parent":0,"menu_order":0,"comment_status":"closed","ping_status":"open","template":"","meta":{"footnotes":""},"class_list":["post-103","page","type-page","status-publish","hentry"],"_links":{"self":[{"href":"https:\/\/www.palabressansfrontieres.fr\/web\/wp-json\/wp\/v2\/pages\/103","targetHints":{"allow":["GET"]}}],"collection":[{"href":"https:\/\/www.palabressansfrontieres.fr\/web\/wp-json\/wp\/v2\/pages"}],"about":[{"href":"https:\/\/www.palabressansfrontieres.fr\/web\/wp-json\/wp\/v2\/types\/page"}],"author":[{"embeddable":true,"href":"https:\/\/www.palabressansfrontieres.fr\/web\/wp-json\/wp\/v2\/users\/1"}],"replies":[{"embeddable":true,"href":"https:\/\/www.palabressansfrontieres.fr\/web\/wp-json\/wp\/v2\/comments?post=103"}],"version-history":[{"count":5,"href":"https:\/\/www.palabressansfrontieres.fr\/web\/wp-json\/wp\/v2\/pages\/103\/revisions"}],"predecessor-version":[{"id":377,"href":"https:\/\/www.palabressansfrontieres.fr\/web\/wp-json\/wp\/v2\/pages\/103\/revisions\/377"}],"wp:attachment":[{"href":"https:\/\/www.palabressansfrontieres.fr\/web\/wp-json\/wp\/v2\/media?parent=103"}],"curies":[{"name":"wp","href":"https:\/\/api.w.org\/{rel}","templated":true}]}}